{"id":592,"date":"2025-12-29T22:35:22","date_gmt":"2025-12-29T21:35:22","guid":{"rendered":"https:\/\/corticentermataro.com\/?post_type=product&#038;p=592"},"modified":"2025-12-29T22:35:23","modified_gmt":"2025-12-29T21:35:23","slug":"toldos","status":"publish","type":"product","link":"https:\/\/corticentermataro.com\/ca\/producte\/toldos\/","title":{"rendered":"Toldos"},"content":{"rendered":"","protected":false},"excerpt":{"rendered":"<p>La utilidad del toldo es protegernos del sol, del calor y del exceso de claridad en determinadas \u00e9pocas del a\u00f1o, a la vez que nos proporciona intimidad.\u00a0Hoy en dia tambien son un elemento de decoraci\u00f3n resaltando la imagen de la vivienda o sector en donde se coloca.<\/p>\n<p><strong>Los tejidos para confeccionar toldos son:<\/strong><\/p>\n<ul style=\"text-align: left;\">\n<li><strong>Lonas Acr\u00edlicas<\/strong>: Llevan impregnado un acabado que les otorga resistencia a las manchas y a la estabilidad del color.<\/li>\n<li><strong>Soltis<\/strong>: Un aut\u00e9ntico escudo t\u00e9rmico, ya que gracias a sus micro aireaciones regula el efecto t\u00e9rmico del sol.<\/li>\n<li><strong>Screen<\/strong>: Es un tejido t\u00e9cnico dise\u00f1ado para el control de la radiaci\u00f3n solar y fabricado a partir de hilos de poli\u00e9ster recubiertos de PVC.<\/li>\n<\/ul>\n<p>Existen varios sistemas de toldos ya sean para ventanas, balcones y terrazas<\/p>\n<div id=\"attachment_1373\" style=\"width: 1010px\" class=\"wp-caption alignleft\"><img fetchpriority=\"high\" decoding=\"async\" aria-describedby=\"caption-attachment-1373\" class=\"TOLDO STOR wp-image-1373 size-full\" title=\"TOLDO STOR\" src=\"https:\/\/www.lafinestra-cortines.com\/wp-content\/uploads\/2018\/07\/toldo-eurosol-stor-01.jpg\" alt=\"TOLDO STOR\" width=\"1000\" height=\"667\" \/><\/p>\n<p id=\"caption-attachment-1373\" class=\"wp-caption-text\">TOLDO STOR PARA BALC\u00d3N<\/p>\n<\/div>\n<div id=\"attachment_1374\" style=\"width: 810px\" class=\"wp-caption alignright\"><img decoding=\"async\" aria-describedby=\"caption-attachment-1374\" class=\"TOLDO BRAZO INVISIBLE wp-image-1374 size-full\" title=\"TOLDO BRAZO INVISIBLE\" src=\"https:\/\/www.lafinestra-cortines.com\/wp-content\/uploads\/2018\/07\/toldo-eurosol-3720-01-1.jpg\" alt=\"TOLDO BRAZO INVISIBLE\" width=\"800\" height=\"534\" \/><\/p>\n<p id=\"caption-attachment-1374\" class=\"wp-caption-text\">TOLDO BRAZO INVISIBLE<\/p>\n<\/div>","protected":false},"featured_media":593,"comment_status":"open","ping_status":"closed","template":"","meta":{"_joinchat":[]},"product_brand":[],"product_cat":[35],"product_tag":[],"class_list":{"0":"post-592","1":"product","2":"type-product","3":"status-publish","4":"has-post-thumbnail","6":"product_cat-toldos","8":"first","9":"instock","10":"shipping-taxable","11":"product-type-simple"},"_links":{"self":[{"href":"https:\/\/corticentermataro.com\/ca\/wp-json\/wp\/v2\/product\/592","targetHints":{"allow":["GET"]}}],"collection":[{"href":"https:\/\/corticentermataro.com\/ca\/wp-json\/wp\/v2\/product"}],"about":[{"href":"https:\/\/corticentermataro.com\/ca\/wp-json\/wp\/v2\/types\/product"}],"replies":[{"embeddable":true,"href":"https:\/\/corticentermataro.com\/ca\/wp-json\/wp\/v2\/comments?post=592"}],"wp:featuredmedia":[{"embeddable":true,"href":"https:\/\/corticentermataro.com\/ca\/wp-json\/wp\/v2\/media\/593"}],"wp:attachment":[{"href":"https:\/\/corticentermataro.com\/ca\/wp-json\/wp\/v2\/media?parent=592"}],"wp:term":[{"taxonomy":"product_brand","embeddable":true,"href":"https:\/\/corticentermataro.com\/ca\/wp-json\/wp\/v2\/product_brand?post=592"},{"taxonomy":"product_cat","embeddable":true,"href":"https:\/\/corticentermataro.com\/ca\/wp-json\/wp\/v2\/product_cat?post=592"},{"taxonomy":"product_tag","embeddable":true,"href":"https:\/\/corticentermataro.com\/ca\/wp-json\/wp\/v2\/product_tag?post=592"}],"curies":[{"name":"wp","href":"https:\/\/api.w.org\/{rel}","templated":true}]}}