{"id":437,"date":"2025-12-28T19:08:35","date_gmt":"2025-12-28T18:08:35","guid":{"rendered":"https:\/\/corticentermataro.com\/?post_type=product&#038;p=437"},"modified":"2025-12-29T22:32:19","modified_gmt":"2025-12-29T21:32:19","slug":"papeles-pintados","status":"publish","type":"product","link":"https:\/\/corticentermataro.com\/ca\/producte\/papeles-pintados\/","title":{"rendered":"Papeles pintados"},"content":{"rendered":"","protected":false},"excerpt":{"rendered":"<p>El papel pintado o revestimiento de pared, es el recurso utilizado por los interioristas, por su poder de trasformar cualquier habitaci\u00f3n. En los ultimos a\u00f1os ha evolucionado mucho y hoy en dia ofrece diferentes texturas y dise\u00f1os por lo que podemos colocarlos en Pasillos , Dormitorios, Ba\u00f1os e incluso en la Cocina.Ya sea efecto textil rafia seda o vinilico es una de las mejores opciones para dar vida a nuestras paredes<\/p>\n<p>&nbsp;<\/p>","protected":false},"featured_media":577,"comment_status":"closed","ping_status":"closed","template":"","meta":{"_joinchat":[]},"product_brand":[],"product_cat":[31,34],"product_tag":[],"class_list":{"0":"post-437","1":"product","2":"type-product","3":"status-publish","4":"has-post-thumbnail","6":"product_cat-cortinas-y-estores","7":"product_cat-papeles-pintados","9":"first","10":"instock","11":"shipping-taxable","12":"product-type-simple"},"_links":{"self":[{"href":"https:\/\/corticentermataro.com\/ca\/wp-json\/wp\/v2\/product\/437","targetHints":{"allow":["GET"]}}],"collection":[{"href":"https:\/\/corticentermataro.com\/ca\/wp-json\/wp\/v2\/product"}],"about":[{"href":"https:\/\/corticentermataro.com\/ca\/wp-json\/wp\/v2\/types\/product"}],"replies":[{"embeddable":true,"href":"https:\/\/corticentermataro.com\/ca\/wp-json\/wp\/v2\/comments?post=437"}],"wp:featuredmedia":[{"embeddable":true,"href":"https:\/\/corticentermataro.com\/ca\/wp-json\/wp\/v2\/media\/577"}],"wp:attachment":[{"href":"https:\/\/corticentermataro.com\/ca\/wp-json\/wp\/v2\/media?parent=437"}],"wp:term":[{"taxonomy":"product_brand","embeddable":true,"href":"https:\/\/corticentermataro.com\/ca\/wp-json\/wp\/v2\/product_brand?post=437"},{"taxonomy":"product_cat","embeddable":true,"href":"https:\/\/corticentermataro.com\/ca\/wp-json\/wp\/v2\/product_cat?post=437"},{"taxonomy":"product_tag","embeddable":true,"href":"https:\/\/corticentermataro.com\/ca\/wp-json\/wp\/v2\/product_tag?post=437"}],"curies":[{"name":"wp","href":"https:\/\/api.w.org\/{rel}","templated":true}]}}