{"id":432,"date":"2025-12-28T19:08:34","date_gmt":"2025-12-28T18:08:34","guid":{"rendered":"https:\/\/corticentermataro.com\/?post_type=product&#038;p=432"},"modified":"2025-12-29T22:31:44","modified_gmt":"2025-12-29T21:31:44","slug":"mosquiteras","status":"publish","type":"product","link":"https:\/\/corticentermataro.com\/ca\/producte\/mosquiteras\/","title":{"rendered":"Mosquiteras"},"content":{"rendered":"","protected":false},"excerpt":{"rendered":"<div class=\"col-md-12 col-xs-12 align-text-left mb-15px ocultar_movil\">\n<div class=\"col-md-10 col-xs-10 align-text-center mt-8px mb-10px\">\u00a0<a class=\"default_mosquiflex btn btn-primary btn-lg raised mb-10px bold\" href=\"https:\/\/www.flexol.es\/mosquiteras_ventana\"><img decoding=\"async\" src=\"https:\/\/www.flexol.es\/images\/logo_mosquiflex_mini.png\" alt=\"logo\" \/><\/a><\/div>\n<\/div>\n<div id=\"mosquiflex_button\" class=\"content_button_products\">\n<div class=\"col-md-1 col-xs-2 image_productos ml-30px\"><b style=\"font-size: 1.3em; font-style: inherit;\">Enrollables Ventana<\/b><\/div>\n<div id=\"enroventana\" class=\"col-md-10 col-xs-9 text-justify content_description_product\">\n<div class=\"col-md-12 col-xs-12 text-center font-size-title-product\">\n<div class=\"text-center font-size-subtitle-product\">\u00a1La m\u00e1s pr\u00e1ctica!<\/div>\n<\/div>\n<div class=\"col-md-12 col-xs-12 text-justify align_text_left_mobile\">\n<div class=\"col-md-8 col-xs-12\">Formada por un caj\u00f3n y dos gu\u00edas, se adapta perfectamente a la carpinter\u00eda, quedando integrada en la misma.<br \/>\nDisponible en dos modelos de caj\u00f3n:<br \/>\n&#8211;\u00a0<b>35mm<\/b><br \/>\n&#8211;\u00a0<b>42mm<\/b><br \/>\nEl sistema de accionamiento a muelle conjuga la facilidad de maniobra y la fiabilidad del enrollamiento. Opcionalmente, dispone de un sistema de instalaci\u00f3n frontal.<\/div>\n<div><img decoding=\"async\" src=\"https:\/\/www.flexol.es\/images\/mt_m_enroventana.png\" alt=\"enrollable ventana\" \/><\/div>\n<\/div>\n<\/div>\n<div>\n<div class=\"col-md-12 col-xs-12 text-center font-size-title-product\">\n<h4><\/h4>\n<h4><b>Enrollable Puerta<\/b><\/h4>\n<div class=\"text-center font-size-subtitle-product\">\u00a1La m\u00e1s moderna!<\/div>\n<\/div>\n<div class=\"col-md-12 col-xs-12 text-justify align_text_left_mobile\">\n<div class=\"col-md-8 col-xs-12\">La Plisada sin plisar. Dispone de un perfil fijo de aluminio en el cual se aloja un eje con la malla enrollada. Novedoso sistema para instalaci\u00f3n en puertas de paso frecuente, con un carril inferior de reducidas dimensiones.<br \/>\nDisponible en la versi\u00f3n \u201cPuerta Doble\u201d con anchos de hasta 2,80m.<\/div>\n<div class=\"col-md-8 col-xs-12\"><img decoding=\"async\" src=\"https:\/\/www.flexol.es\/images\/mt_m_enropuerta.png\" alt=\"enrollable puerta\" \/><\/div>\n<div>\n<div class=\"col-md-12 col-xs-12 text-center font-size-title-product\">\n<h4><\/h4>\n<h4><b>Abatible Puerta<\/b><\/h4>\n<div class=\"text-center font-size-subtitle-product\">\u00a1La m\u00e1s s\u00f3lida!<\/div>\n<\/div>\n<div class=\"col-md-12 col-xs-12 text-justify align_text_left_mobile\">\n<div class=\"col-md-8 col-xs-12\">Estructura de marco con puerta de cierre autom\u00e1tico. La solidez de su dise\u00f1o permite el montaje conjunto de dos hojas en un mismo marco. Los perfiles se encuentran unidos mediante ingletes con escuadras met\u00e1licas ocultas confiriendo a la puerta una gran resistencia. La utilizaci\u00f3n de perfiles compensadores, tanto en los laterales como en la parte superior, garantizan una perfecta instalaci\u00f3n de la puerta.<\/div>\n<div class=\"col-md-8 col-xs-12\"><img decoding=\"async\" src=\"https:\/\/www.flexol.es\/images\/mt_m_abatible.png\" alt=\"abatible\" \/><\/div>\n<div>\n<div class=\"col-md-12 col-xs-12 text-center font-size-title-product\">\n<h4><\/h4>\n<h4><b>Plisada Puerta<\/b><\/h4>\n<div class=\"text-center font-size-subtitle-product\">\u00a1La m\u00e1s estilizada!<\/div>\n<\/div>\n<div class=\"col-md-12 col-xs-12 text-justify align_text_left_mobile\">\n<div class=\"col-md-8 col-xs-12\">Dise\u00f1o innovador y fortaleza para cubrir grandes dimensiones con una excelente resistencia. Formada por un cabezal de reducidas dimensiones que incorpora un sistema \u201cmultipunto\u201d de apertura.<br \/>\nDispone de un carril inferior de reducidas dimensiones, quedando la zona de paso libre de obst\u00e1culos, as\u00ed como un carril superior que permite compensar peque\u00f1os descuadres.<\/div>\n<div class=\"col-md-8 col-xs-12\"><img decoding=\"async\" src=\"https:\/\/www.flexol.es\/images\/mt_m_plisada40.png\" alt=\"plisada 40\" \/><\/div>\n<\/div>\n<\/div>\n<\/div>\n<\/div>\n<\/div>\n<div>\n<div class=\"col-md-12 col-xs-12 text-center font-size-title-product\">\n<h4><\/h4>\n<h4><b>Fijas y Correderas<\/b><\/h4>\n<div class=\"text-center font-size-subtitle-product\">\u00a1Las m\u00e1s sencillas!<br \/>\nDisponible en 3 versiones:<\/p>\n<div class=\"border_mosquiflex mb-15px\"><\/div>\n<\/div>\n<\/div>\n<div class=\"col-md-4 col-xs-12 text-justify align_text_left_mobile\">\n<div class=\"col-md-12 col-xs-12\"><b>Fija<\/b>:<br \/>\nIdeal para cubrir peque\u00f1os huecos. Muy resistente, formada por un perfil de aluminio cortado a inglete y unido mediante escuadras ocultas.<br \/>\n<img decoding=\"async\" class=\"lazy center-img\" src=\"https:\/\/www.flexol.es\/images\/mt_m_fija.png\" alt=\"fija\" \/><\/div>\n<\/div>\n<div class=\"col-md-4 col-xs-12 text-justify align_text_left_mobile\">\n<div class=\"col-md-12 col-xs-12\"><b>Correderas escuadras inglete con marco \/ sin marco<\/b>:<br \/>\nFormada por un marco de aluminio y dos hojas de perfiles cortados a inglete y montados con escuadras ocultas de acero, que le aportan resistencia y est\u00e9tica. En su versi\u00f3n sin marco, la hoja se desliza sobre la propia perfiler\u00eda de la ventana de aluminio.<br \/>\n<img decoding=\"async\" class=\"lazy center-img\" src=\"https:\/\/www.flexol.es\/images\/mt_m_corredera_cm.png\" alt=\"corredera\" \/><\/div>\n<\/div>\n<div class=\"col-md-4 col-xs-12 text-justify align_text_left_mobile\">\n<div class=\"col-md-12 col-xs-12\"><b>Corredera escuadras PVC negro<\/b>:<br \/>\nDise\u00f1ada para deslizarse sobre la propia gu\u00eda de la ventana de aluminio. Sus perfiles est\u00e1n montados con escuadras vistas de PVC. Su funci\u00f3n de corredera permite deslizar las dos hojas de cristal hacia un lado y la mosquitera al contrario, consiguiendo ventilaci\u00f3n en la estancia.<\/div>\n<div><img decoding=\"async\" src=\"https:\/\/www.flexol.es\/images\/mt_m_corredera_pvc.jpg\" alt=\"corredera pvc\" \/><\/div>\n<\/div>\n<\/div>\n<\/div>\n<\/div>","protected":false},"featured_media":548,"comment_status":"closed","ping_status":"closed","template":"","meta":{"_joinchat":[]},"product_brand":[],"product_cat":[31],"product_tag":[],"class_list":{"0":"post-432","1":"product","2":"type-product","3":"status-publish","4":"has-post-thumbnail","6":"product_cat-cortinas-y-estores","8":"first","9":"instock","10":"shipping-taxable","11":"product-type-simple"},"_links":{"self":[{"href":"https:\/\/corticentermataro.com\/ca\/wp-json\/wp\/v2\/product\/432","targetHints":{"allow":["GET"]}}],"collection":[{"href":"https:\/\/corticentermataro.com\/ca\/wp-json\/wp\/v2\/product"}],"about":[{"href":"https:\/\/corticentermataro.com\/ca\/wp-json\/wp\/v2\/types\/product"}],"replies":[{"embeddable":true,"href":"https:\/\/corticentermataro.com\/ca\/wp-json\/wp\/v2\/comments?post=432"}],"wp:featuredmedia":[{"embeddable":true,"href":"https:\/\/corticentermataro.com\/ca\/wp-json\/wp\/v2\/media\/548"}],"wp:attachment":[{"href":"https:\/\/corticentermataro.com\/ca\/wp-json\/wp\/v2\/media?parent=432"}],"wp:term":[{"taxonomy":"product_brand","embeddable":true,"href":"https:\/\/corticentermataro.com\/ca\/wp-json\/wp\/v2\/product_brand?post=432"},{"taxonomy":"product_cat","embeddable":true,"href":"https:\/\/corticentermataro.com\/ca\/wp-json\/wp\/v2\/product_cat?post=432"},{"taxonomy":"product_tag","embeddable":true,"href":"https:\/\/corticentermataro.com\/ca\/wp-json\/wp\/v2\/product_tag?post=432"}],"curies":[{"name":"wp","href":"https:\/\/api.w.org\/{rel}","templated":true}]}}