{"id":431,"date":"2025-12-28T19:08:34","date_gmt":"2025-12-28T18:08:34","guid":{"rendered":"https:\/\/corticentermataro.com\/?post_type=product&#038;p=431"},"modified":"2025-12-29T22:31:37","modified_gmt":"2025-12-29T21:31:37","slug":"cortinas-noche-y-dia","status":"publish","type":"product","link":"https:\/\/corticentermataro.com\/ca\/producte\/cortinas-noche-y-dia\/","title":{"rendered":"CORTINAS NOCHE Y DIA"},"content":{"rendered":"","protected":false},"excerpt":{"rendered":"<p>Estor enrollable de doble tejido formado por bandas alternas transparentes y trasl\u00facidos, que permite dejar pasar la luz o bloquearla seg\u00fan como se regule.<\/p>\n<p>Es la manera ideal para conseguir una decoraci\u00f3n moderna y vanguardista dentro de cualquier estancia del hogar.<\/p>\n<p>Se confeccionan con tejidos especiales lo que facilita su mantenimiento y su acabado puede ser con cajet\u00edn para ocultar el mecanismo o sin cajet\u00edn.<\/p>\n<p>El efecto de difusi\u00f3n de la luz que se consigue con este ingenioso mecanismo es c\u00e1lido y envolvente, por lo que los estores noche y d\u00eda, representan una opci\u00f3n decorativa muy interesante en ambientes de estilo contempor\u00e1neo.<\/p>","protected":false},"featured_media":545,"comment_status":"open","ping_status":"closed","template":"","meta":{"_joinchat":[]},"product_brand":[],"product_cat":[31],"product_tag":[],"class_list":{"0":"post-431","1":"product","2":"type-product","3":"status-publish","4":"has-post-thumbnail","6":"product_cat-cortinas-y-estores","8":"first","9":"instock","10":"shipping-taxable","11":"product-type-simple"},"_links":{"self":[{"href":"https:\/\/corticentermataro.com\/ca\/wp-json\/wp\/v2\/product\/431","targetHints":{"allow":["GET"]}}],"collection":[{"href":"https:\/\/corticentermataro.com\/ca\/wp-json\/wp\/v2\/product"}],"about":[{"href":"https:\/\/corticentermataro.com\/ca\/wp-json\/wp\/v2\/types\/product"}],"replies":[{"embeddable":true,"href":"https:\/\/corticentermataro.com\/ca\/wp-json\/wp\/v2\/comments?post=431"}],"wp:featuredmedia":[{"embeddable":true,"href":"https:\/\/corticentermataro.com\/ca\/wp-json\/wp\/v2\/media\/545"}],"wp:attachment":[{"href":"https:\/\/corticentermataro.com\/ca\/wp-json\/wp\/v2\/media?parent=431"}],"wp:term":[{"taxonomy":"product_brand","embeddable":true,"href":"https:\/\/corticentermataro.com\/ca\/wp-json\/wp\/v2\/product_brand?post=431"},{"taxonomy":"product_cat","embeddable":true,"href":"https:\/\/corticentermataro.com\/ca\/wp-json\/wp\/v2\/product_cat?post=431"},{"taxonomy":"product_tag","embeddable":true,"href":"https:\/\/corticentermataro.com\/ca\/wp-json\/wp\/v2\/product_tag?post=431"}],"curies":[{"name":"wp","href":"https:\/\/api.w.org\/{rel}","templated":true}]}}