{"id":430,"date":"2025-12-28T19:08:34","date_gmt":"2025-12-28T18:08:34","guid":{"rendered":"https:\/\/corticentermataro.com\/?post_type=product&#038;p=430"},"modified":"2025-12-29T22:21:59","modified_gmt":"2025-12-29T21:21:59","slug":"cortinas-onda-perfecta","status":"publish","type":"product","link":"https:\/\/corticentermataro.com\/ca\/producte\/cortinas-onda-perfecta\/","title":{"rendered":"Cortinas Onda Perfecta"},"content":{"rendered":"","protected":false},"excerpt":{"rendered":"<p>Es un sistema con un acabado de ondas homog\u00e9neas que se crean gracias a las correderas especiales del riel, lo que permite una ca\u00edda natural y de<strong> ondulaciones impecables.<\/strong><\/p>\n<p>Este tipo de cortinas es perfecta para ventanas de tipo balc\u00f3n, donde por su altura se podr\u00e1 \u00a0apreciar sus ondulaciones armoniosas y continuas que proporcionan <strong>elegancia<\/strong>\u00a0a toda la estancia.<\/p>\n<p>Naci\u00f3 en EE UU hace un par de d\u00e9cadas y sin embargo en Espa\u00f1a ha sido en estos \u00faltimos a\u00f1os\u00a0 cuando mayor auge ha alcanzado.<\/p>\n<p>Hoy en d\u00eda es una de las m\u00e1s demandadas dentro de las cortinas tradicionales ya que tienen la posibilidad de accionarse con diferentes tipos \u00a0de rieles y barras desde los b\u00e1sicos hasta los m\u00e1s decorativos (redondos, cuadrados, ovalados. etc.) y diferentes tonos (blanco, negro, bronce, inoxidable. etc.) por lo que puede dar un toque de personalidad a la estancia.<\/p>\n<p><em><strong>Son ideales los tejidos con mucha ca\u00edda, sean lisos o estampados.<\/strong><\/em><\/p>","protected":false},"featured_media":536,"comment_status":"open","ping_status":"closed","template":"","meta":{"_joinchat":[]},"product_brand":[],"product_cat":[31],"product_tag":[],"class_list":{"0":"post-430","1":"product","2":"type-product","3":"status-publish","4":"has-post-thumbnail","6":"product_cat-cortinas-y-estores","8":"first","9":"instock","10":"shipping-taxable","11":"product-type-simple"},"_links":{"self":[{"href":"https:\/\/corticentermataro.com\/ca\/wp-json\/wp\/v2\/product\/430","targetHints":{"allow":["GET"]}}],"collection":[{"href":"https:\/\/corticentermataro.com\/ca\/wp-json\/wp\/v2\/product"}],"about":[{"href":"https:\/\/corticentermataro.com\/ca\/wp-json\/wp\/v2\/types\/product"}],"replies":[{"embeddable":true,"href":"https:\/\/corticentermataro.com\/ca\/wp-json\/wp\/v2\/comments?post=430"}],"wp:featuredmedia":[{"embeddable":true,"href":"https:\/\/corticentermataro.com\/ca\/wp-json\/wp\/v2\/media\/536"}],"wp:attachment":[{"href":"https:\/\/corticentermataro.com\/ca\/wp-json\/wp\/v2\/media?parent=430"}],"wp:term":[{"taxonomy":"product_brand","embeddable":true,"href":"https:\/\/corticentermataro.com\/ca\/wp-json\/wp\/v2\/product_brand?post=430"},{"taxonomy":"product_cat","embeddable":true,"href":"https:\/\/corticentermataro.com\/ca\/wp-json\/wp\/v2\/product_cat?post=430"},{"taxonomy":"product_tag","embeddable":true,"href":"https:\/\/corticentermataro.com\/ca\/wp-json\/wp\/v2\/product_tag?post=430"}],"curies":[{"name":"wp","href":"https:\/\/api.w.org\/{rel}","templated":true}]}}