{"id":429,"date":"2025-12-28T19:08:34","date_gmt":"2025-12-28T18:08:34","guid":{"rendered":"https:\/\/corticentermataro.com\/?post_type=product&#038;p=429"},"modified":"2025-12-29T22:21:53","modified_gmt":"2025-12-29T21:21:53","slug":"cortina-tradicional","status":"publish","type":"product","link":"https:\/\/corticentermataro.com\/ca\/producte\/cortina-tradicional\/","title":{"rendered":"Cortina Tradicional"},"content":{"rendered":"","protected":false},"excerpt":{"rendered":"<p>Las cortinas tradicionales visten nuestros ventanales ofreciendo un ambiente elegante y se\u00f1orial. Ya que existen diversidad de tejidos, colores, texturas, transparencias (voile, linos, algodones, sedas, terciopelos), aportan riqueza decorativa a la vez que regulan la entrada de la luz y protegen nuestra intimidad.<\/p>\n<p>Existen tejidos especiales como los Black out, ign\u00edfugos y anti bacterianos que se utilizan en el sector de oficinas, hoteles y hospitales.<\/p>\n<p>La cortina tradicional posibilita la confecci\u00f3n con diferentes acabados fruncidos, tablas, palas, triple pliegue, trabillas. Se colocan con rieles manuales, a cord\u00f3n, motorizados, tambi\u00e9n con barras decorativas que pueden ser: acero, hierro y madera.<\/p>\n<p>Una opci\u00f3n m\u00e1s moderna es la de combinar la cortina con un estor enrollable, paqueto, plegable&#8230;etc.<\/p>\n<p><em><strong>Es importante su confecci\u00f3n a medida para obtener un buen resultado.<\/strong><\/em><\/p>","protected":false},"featured_media":531,"comment_status":"open","ping_status":"closed","template":"","meta":{"_joinchat":[]},"product_brand":[],"product_cat":[31],"product_tag":[],"class_list":{"0":"post-429","1":"product","2":"type-product","3":"status-publish","4":"has-post-thumbnail","6":"product_cat-cortinas-y-estores","8":"first","9":"instock","10":"shipping-taxable","11":"product-type-simple"},"_links":{"self":[{"href":"https:\/\/corticentermataro.com\/ca\/wp-json\/wp\/v2\/product\/429","targetHints":{"allow":["GET"]}}],"collection":[{"href":"https:\/\/corticentermataro.com\/ca\/wp-json\/wp\/v2\/product"}],"about":[{"href":"https:\/\/corticentermataro.com\/ca\/wp-json\/wp\/v2\/types\/product"}],"replies":[{"embeddable":true,"href":"https:\/\/corticentermataro.com\/ca\/wp-json\/wp\/v2\/comments?post=429"}],"wp:featuredmedia":[{"embeddable":true,"href":"https:\/\/corticentermataro.com\/ca\/wp-json\/wp\/v2\/media\/531"}],"wp:attachment":[{"href":"https:\/\/corticentermataro.com\/ca\/wp-json\/wp\/v2\/media?parent=429"}],"wp:term":[{"taxonomy":"product_brand","embeddable":true,"href":"https:\/\/corticentermataro.com\/ca\/wp-json\/wp\/v2\/product_brand?post=429"},{"taxonomy":"product_cat","embeddable":true,"href":"https:\/\/corticentermataro.com\/ca\/wp-json\/wp\/v2\/product_cat?post=429"},{"taxonomy":"product_tag","embeddable":true,"href":"https:\/\/corticentermataro.com\/ca\/wp-json\/wp\/v2\/product_tag?post=429"}],"curies":[{"name":"wp","href":"https:\/\/api.w.org\/{rel}","templated":true}]}}