{"id":428,"date":"2025-12-28T19:08:34","date_gmt":"2025-12-28T18:08:34","guid":{"rendered":"https:\/\/corticentermataro.com\/?post_type=product&#038;p=428"},"modified":"2025-12-29T22:21:36","modified_gmt":"2025-12-29T21:21:36","slug":"cortina-ollaos","status":"publish","type":"product","link":"https:\/\/corticentermataro.com\/ca\/producte\/cortina-ollaos\/","title":{"rendered":"Cortina Ollaos"},"content":{"rendered":"","protected":false},"excerpt":{"rendered":"<p>Este tipo de confecci\u00f3n mediante ollaos met\u00e1licos est\u00e1 especialmente indicada para su colocaci\u00f3n en barra de hierro, madera o acero. Destacan por su sencillo y pr\u00e1ctico manejo.<\/p>\n<p>Su confecci\u00f3n puede ser con tejidos trasl\u00facidos (linos, algodones\u2026) como gruesos (terciopelos, sedas\u2026tapicer\u00edas.) se pueden utilizar en decoraci\u00f3n moderna o cl\u00e1sica, aportando calidez y elegancia.<\/p>","protected":false},"featured_media":522,"comment_status":"open","ping_status":"closed","template":"","meta":{"_joinchat":[]},"product_brand":[],"product_cat":[31],"product_tag":[],"class_list":{"0":"post-428","1":"product","2":"type-product","3":"status-publish","4":"has-post-thumbnail","6":"product_cat-cortinas-y-estores","8":"first","9":"instock","10":"shipping-taxable","11":"product-type-simple"},"_links":{"self":[{"href":"https:\/\/corticentermataro.com\/ca\/wp-json\/wp\/v2\/product\/428","targetHints":{"allow":["GET"]}}],"collection":[{"href":"https:\/\/corticentermataro.com\/ca\/wp-json\/wp\/v2\/product"}],"about":[{"href":"https:\/\/corticentermataro.com\/ca\/wp-json\/wp\/v2\/types\/product"}],"replies":[{"embeddable":true,"href":"https:\/\/corticentermataro.com\/ca\/wp-json\/wp\/v2\/comments?post=428"}],"wp:featuredmedia":[{"embeddable":true,"href":"https:\/\/corticentermataro.com\/ca\/wp-json\/wp\/v2\/media\/522"}],"wp:attachment":[{"href":"https:\/\/corticentermataro.com\/ca\/wp-json\/wp\/v2\/media?parent=428"}],"wp:term":[{"taxonomy":"product_brand","embeddable":true,"href":"https:\/\/corticentermataro.com\/ca\/wp-json\/wp\/v2\/product_brand?post=428"},{"taxonomy":"product_cat","embeddable":true,"href":"https:\/\/corticentermataro.com\/ca\/wp-json\/wp\/v2\/product_cat?post=428"},{"taxonomy":"product_tag","embeddable":true,"href":"https:\/\/corticentermataro.com\/ca\/wp-json\/wp\/v2\/product_tag?post=428"}],"curies":[{"name":"wp","href":"https:\/\/api.w.org\/{rel}","templated":true}]}}