{"id":427,"date":"2025-12-28T19:08:34","date_gmt":"2025-12-28T18:08:34","guid":{"rendered":"https:\/\/corticentermataro.com\/?post_type=product&#038;p=427"},"modified":"2025-12-28T19:22:17","modified_gmt":"2025-12-28T18:22:17","slug":"cortina-veneciana-madera","status":"publish","type":"product","link":"https:\/\/corticentermataro.com\/ca\/producte\/cortina-veneciana-madera\/","title":{"rendered":"Cortina Veneciana Madera"},"content":{"rendered":"","protected":false},"excerpt":{"rendered":"<p>Su fabricaci\u00f3n a base de lamas de madera proporciona un toque elegante y c\u00e1lido al ambiente a la vez vanguardista e innovador.<\/p>\n<p>Se confeccionan en diferentes anchos de lamas <b>35mm, 50mm, y 70mm<\/b> con una amplia\u00a0 gama de colores, lacados y de madera. El movimiento de las lamas permite que este sistema garantice desde una visi\u00f3n m\u00e1xima hasta una privacidad total, por esta raz\u00f3n es una buena opci\u00f3n tanto para dormitorios o salones en los que en funci\u00f3n de las horas del d\u00eda se necesita m\u00e1s o menos privacidad.<\/p>\n<p>Su accionamiento es habitualmente mediante:<\/p>\n<p><strong>Cordones, manivela o motor<\/strong>: Con los que se podr\u00e1 graduar la orientaci\u00f3n de las lamas lo que permite aumentar o disminuir la entrada de la luz y recoger la cortina completamente o dejarla a una determinada altura.<\/p>\n<p>Dentro de las venecianas de madera podemos encontrarlas con escalerilla de cord\u00f3n, o escalerilla de cinta, esta \u00faltima a\u00f1ade un toque decorativo a la cortina ya que se puede combinar con el mismo tono de las lamas o contrastarlo.<\/p>\n<p><em><strong>Un sistema que va a permitirle graduar la entrada de la luz a su hogar, aport\u00e1ndole estilo y calidez. <\/strong><\/em><\/p>","protected":false},"featured_media":493,"comment_status":"open","ping_status":"closed","template":"","meta":{"_joinchat":[]},"product_brand":[],"product_cat":[31],"product_tag":[],"class_list":{"0":"post-427","1":"product","2":"type-product","3":"status-publish","4":"has-post-thumbnail","6":"product_cat-cortinas-y-estores","8":"first","9":"instock","10":"shipping-taxable","11":"product-type-simple"},"_links":{"self":[{"href":"https:\/\/corticentermataro.com\/ca\/wp-json\/wp\/v2\/product\/427","targetHints":{"allow":["GET"]}}],"collection":[{"href":"https:\/\/corticentermataro.com\/ca\/wp-json\/wp\/v2\/product"}],"about":[{"href":"https:\/\/corticentermataro.com\/ca\/wp-json\/wp\/v2\/types\/product"}],"replies":[{"embeddable":true,"href":"https:\/\/corticentermataro.com\/ca\/wp-json\/wp\/v2\/comments?post=427"}],"wp:featuredmedia":[{"embeddable":true,"href":"https:\/\/corticentermataro.com\/ca\/wp-json\/wp\/v2\/media\/493"}],"wp:attachment":[{"href":"https:\/\/corticentermataro.com\/ca\/wp-json\/wp\/v2\/media?parent=427"}],"wp:term":[{"taxonomy":"product_brand","embeddable":true,"href":"https:\/\/corticentermataro.com\/ca\/wp-json\/wp\/v2\/product_brand?post=427"},{"taxonomy":"product_cat","embeddable":true,"href":"https:\/\/corticentermataro.com\/ca\/wp-json\/wp\/v2\/product_cat?post=427"},{"taxonomy":"product_tag","embeddable":true,"href":"https:\/\/corticentermataro.com\/ca\/wp-json\/wp\/v2\/product_tag?post=427"}],"curies":[{"name":"wp","href":"https:\/\/api.w.org\/{rel}","templated":true}]}}