{"id":426,"date":"2025-12-28T19:08:34","date_gmt":"2025-12-28T18:08:34","guid":{"rendered":"https:\/\/corticentermataro.com\/?post_type=product&#038;p=426"},"modified":"2025-12-28T19:22:14","modified_gmt":"2025-12-28T18:22:14","slug":"cortina-veneciana-aluminio","status":"publish","type":"product","link":"https:\/\/corticentermataro.com\/ca\/producte\/cortina-veneciana-aluminio\/","title":{"rendered":"Cortina Veneciana Aluminio"},"content":{"rendered":"","protected":false},"excerpt":{"rendered":"<p>Est\u00e1n hechas con lamas de aluminio horizontales, transmiten un aspecto vanguardista e innovador. Son pr\u00e1cticas, funcionales y econ\u00f3micas. Ofrecen un acabado minimalista y pocos espacios se resisten a ofrecer una compatibilidad en su decoraci\u00f3n con este tipo de cortina.<\/p>\n<p>Se confeccionan en diferentes anchos de lamas: <strong>16mm, 25mm, 35mm y 50mm<\/strong>, y colores muy variados siendo estas dos \u00faltimas las m\u00e1s demandadas actualmente. Es una buena opci\u00f3n para ambientes modernos cocinas y ba\u00f1os.<\/p>\n<p>El movimiento de las lamas permite que este sistema garantice desde una visi\u00f3n m\u00e1xima hasta una privacidad total. Por esta raz\u00f3n son una opci\u00f3n con muy buena acogida en dormitorios que en funci\u00f3n de las horas del d\u00eda se necesita m\u00e1s o menos luminosidad. Existen tambi\u00e9n lamas perforadas lo que permite el paso de la luz incluso estando cerrada la cortina.<\/p>\n<p>Posibilita la instalaci\u00f3n mediante gu\u00eda cable para puertas y \u00a0ventanas abatibles o abuhardilladas.<\/p>\n<p>Est\u00e1n disponible con distintos tipos de accionamiento:<\/p>\n<p>Varilla, Cord\u00f3n, Mando Integral.<\/p>\n<p>Con el mando varilla podr\u00e1 graduar la orientaci\u00f3n de las lamas lo que permite aumentar o disminuir la entrada de la luz y con el cord\u00f3n podr\u00e1 recoger la cortina completamente o dejarla a una determinada altura.<\/p>\n<p><em><strong>Nacieron como una soluci\u00f3n econ\u00f3mica y f\u00e1cil en espacios de trabajo y oficinas, pero no tardaron a incluirse entre las opciones m\u00e1s modernas.<\/strong><\/em><\/p>","protected":false},"featured_media":488,"comment_status":"open","ping_status":"closed","template":"","meta":{"_joinchat":[]},"product_brand":[],"product_cat":[31],"product_tag":[],"class_list":{"0":"post-426","1":"product","2":"type-product","3":"status-publish","4":"has-post-thumbnail","6":"product_cat-cortinas-y-estores","8":"first","9":"instock","10":"shipping-taxable","11":"product-type-simple"},"_links":{"self":[{"href":"https:\/\/corticentermataro.com\/ca\/wp-json\/wp\/v2\/product\/426","targetHints":{"allow":["GET"]}}],"collection":[{"href":"https:\/\/corticentermataro.com\/ca\/wp-json\/wp\/v2\/product"}],"about":[{"href":"https:\/\/corticentermataro.com\/ca\/wp-json\/wp\/v2\/types\/product"}],"replies":[{"embeddable":true,"href":"https:\/\/corticentermataro.com\/ca\/wp-json\/wp\/v2\/comments?post=426"}],"wp:featuredmedia":[{"embeddable":true,"href":"https:\/\/corticentermataro.com\/ca\/wp-json\/wp\/v2\/media\/488"}],"wp:attachment":[{"href":"https:\/\/corticentermataro.com\/ca\/wp-json\/wp\/v2\/media?parent=426"}],"wp:term":[{"taxonomy":"product_brand","embeddable":true,"href":"https:\/\/corticentermataro.com\/ca\/wp-json\/wp\/v2\/product_brand?post=426"},{"taxonomy":"product_cat","embeddable":true,"href":"https:\/\/corticentermataro.com\/ca\/wp-json\/wp\/v2\/product_cat?post=426"},{"taxonomy":"product_tag","embeddable":true,"href":"https:\/\/corticentermataro.com\/ca\/wp-json\/wp\/v2\/product_tag?post=426"}],"curies":[{"name":"wp","href":"https:\/\/api.w.org\/{rel}","templated":true}]}}