{"id":425,"date":"2025-12-28T19:08:34","date_gmt":"2025-12-28T18:08:34","guid":{"rendered":"https:\/\/corticentermataro.com\/?post_type=product&#038;p=425"},"modified":"2025-12-28T19:22:06","modified_gmt":"2025-12-28T18:22:06","slug":"cortina-panel-deslizante","status":"publish","type":"product","link":"https:\/\/corticentermataro.com\/ca\/producte\/cortina-panel-deslizante\/","title":{"rendered":"Cortina Panel Deslizante"},"content":{"rendered":"","protected":false},"excerpt":{"rendered":"<p>Tiene una est\u00e9tica lineal y minimalista ideal para cubrir grandes ventanales dando un ambiente relajado y elegante tanto en hogares como en oficinas y empresas.<\/p>\n<p>Es una buena y decorativa \u00a0soluci\u00f3n para separar espacios y ambientes a\u00f1adiendo privacidad a la estancia. Otro de sus usos es la posibilidad de utilizarlos como puertas en armarios y vestidores<\/p>\n<p>Se conforma de\u00a0<strong>varios<\/strong>\u00a0<strong>paneles independientes<\/strong>\u00a0que se solapan entre si, los cuales se pueden fabricar con diferentes tipos de tejidos y \u00a0permite la combinaci\u00f3n de diferentes tonalidades en un mismo panel aportando innumerables posibilidades est\u00e9ticas.<\/p>\n<p>A continuaci\u00f3n describimos los diferentes tipos de panel que podemos encontrar:<\/p>\n<ul>\n<li><strong>Paneles con Tejidos Lavables<\/strong>: Sus lamas est\u00e1n confeccionadas con tejidos de lino, algod\u00f3n, semilinos, poli\u00e9ster\u2026.etc.<\/li>\n<li><strong>Tejidos T\u00e9cnicos<\/strong>: Screen (para protecci\u00f3n solar) Screen sin PVC, Black out(opaco).<\/li>\n<li><strong>Paneles con Tejido Decorativos<\/strong>: Tejidos especiales, en diferentes texturas, transparencias \u00a0y dise\u00f1os.<\/li>\n<\/ul>","protected":false},"featured_media":480,"comment_status":"open","ping_status":"closed","template":"","meta":{"_joinchat":[]},"product_brand":[],"product_cat":[31],"product_tag":[],"class_list":{"0":"post-425","1":"product","2":"type-product","3":"status-publish","4":"has-post-thumbnail","6":"product_cat-cortinas-y-estores","8":"first","9":"instock","10":"shipping-taxable","11":"product-type-simple"},"_links":{"self":[{"href":"https:\/\/corticentermataro.com\/ca\/wp-json\/wp\/v2\/product\/425","targetHints":{"allow":["GET"]}}],"collection":[{"href":"https:\/\/corticentermataro.com\/ca\/wp-json\/wp\/v2\/product"}],"about":[{"href":"https:\/\/corticentermataro.com\/ca\/wp-json\/wp\/v2\/types\/product"}],"replies":[{"embeddable":true,"href":"https:\/\/corticentermataro.com\/ca\/wp-json\/wp\/v2\/comments?post=425"}],"wp:featuredmedia":[{"embeddable":true,"href":"https:\/\/corticentermataro.com\/ca\/wp-json\/wp\/v2\/media\/480"}],"wp:attachment":[{"href":"https:\/\/corticentermataro.com\/ca\/wp-json\/wp\/v2\/media?parent=425"}],"wp:term":[{"taxonomy":"product_brand","embeddable":true,"href":"https:\/\/corticentermataro.com\/ca\/wp-json\/wp\/v2\/product_brand?post=425"},{"taxonomy":"product_cat","embeddable":true,"href":"https:\/\/corticentermataro.com\/ca\/wp-json\/wp\/v2\/product_cat?post=425"},{"taxonomy":"product_tag","embeddable":true,"href":"https:\/\/corticentermataro.com\/ca\/wp-json\/wp\/v2\/product_tag?post=425"}],"curies":[{"name":"wp","href":"https:\/\/api.w.org\/{rel}","templated":true}]}}