{"id":424,"date":"2025-12-28T19:08:34","date_gmt":"2025-12-28T18:08:34","guid":{"rendered":"https:\/\/corticentermataro.com\/?post_type=product&#038;p=424"},"modified":"2025-12-28T19:21:58","modified_gmt":"2025-12-28T18:21:58","slug":"estor-plegable","status":"publish","type":"product","link":"https:\/\/corticentermataro.com\/ca\/producte\/estor-plegable\/","title":{"rendered":"Estor Plegable"},"content":{"rendered":"<div id=\"attachment_2211\" style=\"width: 1930px\" class=\"wp-caption alignnone\"><img fetchpriority=\"high\" decoding=\"async\" aria-describedby=\"caption-attachment-2211\" class=\"size-full wp-image-2211\" src=\"https:\/\/www.lafinestra-cortines.com\/wp-content\/uploads\/2018\/05\/Rotary442_.jpg\" alt=\"Paqueto para ventana inclinada\" width=\"1920\" height=\"1440\" \/><p id=\"caption-attachment-2211\" class=\"wp-caption-text\">Cortina paqueto para ventana inclinada<\/p><\/div>\n<div id=\"attachment_2211\" style=\"width: 1930px\" class=\"wp-caption alignnone\"><img fetchpriority=\"high\" decoding=\"async\" aria-describedby=\"caption-attachment-2211\" class=\"size-full wp-image-2211\" src=\"https:\/\/www.lafinestra-cortines.com\/wp-content\/uploads\/2018\/05\/Rotary442_.jpg\" alt=\"Paqueto para ventana inclinada\" width=\"1920\" height=\"1440\" \/><p id=\"caption-attachment-2211\" class=\"wp-caption-text\">Cortina paqueto para ventana inclinada<\/p><\/div>","protected":false},"excerpt":{"rendered":"<p>Son los llamados estores por excelencia, su principal caracter\u00edstica son las varillas horizontales que proporcionan un pliegue regular y uniforme. Su simetr\u00eda y l\u00edneas rectas hacen de ella una cortina moderna y al mismo tiempo elegante.<\/p>\n<p>Los tejidos m\u00e1s apropiados para su confecci\u00f3n son los que tienen cierto cuerpo: Algod\u00f3n, lino, loneta\u2026etc. con una amplia variedad de dise\u00f1os y colores por lo que resultan bastantes vers\u00e1tiles al momento de decorar. Tambi\u00e9n hay la posibilidad de aplicar cenefas o grecas.<\/p>\n<p>El tejido se adhiere con un velcro al mecanismo, de modo que se desmontan f\u00e1cilmente para poderlas lavar, sigue siendo uno de los sistemas m\u00e1s demandados que hay en el mercado.<\/p>","protected":false},"featured_media":474,"comment_status":"open","ping_status":"closed","template":"","meta":{"_joinchat":[]},"product_brand":[],"product_cat":[31],"product_tag":[32],"class_list":{"0":"post-424","1":"product","2":"type-product","3":"status-publish","4":"has-post-thumbnail","6":"product_cat-cortinas-y-estores","7":"product_tag-cortina-paqueto","9":"first","10":"instock","11":"shipping-taxable","12":"product-type-simple"},"_links":{"self":[{"href":"https:\/\/corticentermataro.com\/ca\/wp-json\/wp\/v2\/product\/424","targetHints":{"allow":["GET"]}}],"collection":[{"href":"https:\/\/corticentermataro.com\/ca\/wp-json\/wp\/v2\/product"}],"about":[{"href":"https:\/\/corticentermataro.com\/ca\/wp-json\/wp\/v2\/types\/product"}],"replies":[{"embeddable":true,"href":"https:\/\/corticentermataro.com\/ca\/wp-json\/wp\/v2\/comments?post=424"}],"wp:featuredmedia":[{"embeddable":true,"href":"https:\/\/corticentermataro.com\/ca\/wp-json\/wp\/v2\/media\/474"}],"wp:attachment":[{"href":"https:\/\/corticentermataro.com\/ca\/wp-json\/wp\/v2\/media?parent=424"}],"wp:term":[{"taxonomy":"product_brand","embeddable":true,"href":"https:\/\/corticentermataro.com\/ca\/wp-json\/wp\/v2\/product_brand?post=424"},{"taxonomy":"product_cat","embeddable":true,"href":"https:\/\/corticentermataro.com\/ca\/wp-json\/wp\/v2\/product_cat?post=424"},{"taxonomy":"product_tag","embeddable":true,"href":"https:\/\/corticentermataro.com\/ca\/wp-json\/wp\/v2\/product_tag?post=424"}],"curies":[{"name":"wp","href":"https:\/\/api.w.org\/{rel}","templated":true}]}}