{"id":422,"date":"2025-12-28T19:08:34","date_gmt":"2025-12-28T18:08:34","guid":{"rendered":"https:\/\/corticentermataro.com\/?post_type=product&#038;p=422"},"modified":"2025-12-28T19:09:08","modified_gmt":"2025-12-28T18:09:08","slug":"cortina-paquetto","status":"publish","type":"product","link":"https:\/\/corticentermataro.com\/ca\/producte\/cortina-paquetto\/","title":{"rendered":"Cortina Paquetto"},"content":{"rendered":"","protected":false},"excerpt":{"rendered":"<p>La cortina paqueto es muy similar a la cortina plegable. Sin embargo carece de varillas,\u00a0Esto conjuntamente con la ligereza de los tejidos con los que se puede confeccionar, le otorga una ca\u00edda m\u00e1s irregular liviana y desenfadada.<\/p>\n<p>Este tipo de estores se utilizan sobre todo en salones y dormitorios.,<\/p>\n<p>El tejido se adhiere con un velcro al mecanismo, de modo que se desmontan f\u00e1cilmente para poderlas lavar, esto a hecho que conjuntamente con la gran variedad de tejidos que se emplean para su confecci\u00f3n siga siendo uno de los sistemas mas demandados que hay en el mercado.<\/p>\n<p>Su mecanismo puede ser atrav\u00e9s de cord\u00f3n o cadena. Este \u00faltimo se ha hecho m\u00e1s habitual en estos a\u00f1os, quiz\u00e1s porque es m\u00e1s c\u00f3modo manejarlo. Tambi\u00e9n hay la opci\u00f3n de motorizarlos.<\/p>","protected":false},"featured_media":456,"comment_status":"open","ping_status":"closed","template":"","meta":{"_joinchat":[]},"product_brand":[],"product_cat":[31],"product_tag":[32],"class_list":{"0":"post-422","1":"product","2":"type-product","3":"status-publish","4":"has-post-thumbnail","6":"product_cat-cortinas-y-estores","7":"product_tag-cortina-paqueto","9":"first","10":"instock","11":"shipping-taxable","12":"product-type-simple"},"_links":{"self":[{"href":"https:\/\/corticentermataro.com\/ca\/wp-json\/wp\/v2\/product\/422","targetHints":{"allow":["GET"]}}],"collection":[{"href":"https:\/\/corticentermataro.com\/ca\/wp-json\/wp\/v2\/product"}],"about":[{"href":"https:\/\/corticentermataro.com\/ca\/wp-json\/wp\/v2\/types\/product"}],"replies":[{"embeddable":true,"href":"https:\/\/corticentermataro.com\/ca\/wp-json\/wp\/v2\/comments?post=422"}],"wp:featuredmedia":[{"embeddable":true,"href":"https:\/\/corticentermataro.com\/ca\/wp-json\/wp\/v2\/media\/456"}],"wp:attachment":[{"href":"https:\/\/corticentermataro.com\/ca\/wp-json\/wp\/v2\/media?parent=422"}],"wp:term":[{"taxonomy":"product_brand","embeddable":true,"href":"https:\/\/corticentermataro.com\/ca\/wp-json\/wp\/v2\/product_brand?post=422"},{"taxonomy":"product_cat","embeddable":true,"href":"https:\/\/corticentermataro.com\/ca\/wp-json\/wp\/v2\/product_cat?post=422"},{"taxonomy":"product_tag","embeddable":true,"href":"https:\/\/corticentermataro.com\/ca\/wp-json\/wp\/v2\/product_tag?post=422"}],"curies":[{"name":"wp","href":"https:\/\/api.w.org\/{rel}","templated":true}]}}