{"id":421,"date":"2025-12-28T19:08:34","date_gmt":"2025-12-28T18:08:34","guid":{"rendered":"https:\/\/corticentermataro.com\/?post_type=product&#038;p=421"},"modified":"2025-12-28T19:09:07","modified_gmt":"2025-12-28T18:09:07","slug":"cortina-lamas-verticales","status":"publish","type":"product","link":"https:\/\/corticentermataro.com\/ca\/producte\/cortina-lamas-verticales\/","title":{"rendered":"Cortina Lamas Verticales"},"content":{"rendered":"","protected":false},"excerpt":{"rendered":"<p>Las cortinas de lamas verticales son esbeltas, sencillas, elegantes y modernas, permiten una perfecta gesti\u00f3n de entrada de la luz gracias a su sistema de orientaci\u00f3n y recogida de lamas.<\/p>\n<p>Resultan id\u00f3neas para grandes ventanales tanto en hogares como en \u00a0oficinas. Una de las \u00faltimas tendencias en decoraci\u00f3n es la de utilizarlas para separaci\u00f3n de espacios o ambientes.<\/p>\n<p>Su innovador dise\u00f1o se adapta a m\u00faltiples formas, ya sean a <strong>planos<\/strong> <strong>inclinados<\/strong>,<strong> curvas \u00a0y escaleras<\/strong>. Una de las curiosidades de las lamas es que se pueden confeccionar con un corte en ondas con el que se obtiene un resultado original y diferente.<\/p>\n<p><strong>Verticales con tejido Screen<\/strong>: Sirven para proteger de los rayos ultravioletas del sol, muebles, tapicer\u00eda, suelos de madera etc. Actualmente en el mercado existen tres tipos de Tejido Screen.<\/p>\n<ul>\n<li>Screen de fibra de vidrio y PVC<\/li>\n<li>Screen de poli\u00e9ster y PVC<\/li>\n<li>Screen libre de PVC (Ecol\u00f3gico para todos los que pensamos en el Medio ambiente).<\/li>\n<\/ul>\n<p>Todos ellos con sus diferentes factores de apertura que van desde el<strong> 10%, 5%, 3% y 1%<\/strong> en funci\u00f3n de las necesidades de cada cliente.<\/p>\n<p><strong>Verticales con tejido Opaco: <\/strong>Cuyas lamas est\u00e1n confeccionadas con tejido 100% opaco, que bloquean la entrada de la luz.<\/p>\n<p><strong>Verticales con tejido Decorativo<\/strong>: Cuyas lamas est\u00e1n confeccionadas con una amplia variedad de tejidos y dise\u00f1os, que nos ofrece un gran abanico de posibilidades para decorar todas nuestras estancias.<\/p>\n<p><strong>Verticales con tejido PVC: <\/strong>Este tipo de lama no precisa cadena inferior, existen dos tipos de acabado: Lisos y Perforados.<\/p>\n<p><strong>Verticales de Aluminio<\/strong>: Las lamas se confeccionan en aluminio curvado con cantos redondeados, no precisan cadena inferior, existe en dos tipos de acabados: Lisos y Perforados<\/p>","protected":false},"featured_media":445,"comment_status":"open","ping_status":"closed","template":"","meta":{"_joinchat":[]},"product_brand":[],"product_cat":[31],"product_tag":[],"class_list":{"0":"post-421","1":"product","2":"type-product","3":"status-publish","4":"has-post-thumbnail","6":"product_cat-cortinas-y-estores","8":"first","9":"instock","10":"shipping-taxable","11":"product-type-simple"},"_links":{"self":[{"href":"https:\/\/corticentermataro.com\/ca\/wp-json\/wp\/v2\/product\/421","targetHints":{"allow":["GET"]}}],"collection":[{"href":"https:\/\/corticentermataro.com\/ca\/wp-json\/wp\/v2\/product"}],"about":[{"href":"https:\/\/corticentermataro.com\/ca\/wp-json\/wp\/v2\/types\/product"}],"replies":[{"embeddable":true,"href":"https:\/\/corticentermataro.com\/ca\/wp-json\/wp\/v2\/comments?post=421"}],"wp:featuredmedia":[{"embeddable":true,"href":"https:\/\/corticentermataro.com\/ca\/wp-json\/wp\/v2\/media\/445"}],"wp:attachment":[{"href":"https:\/\/corticentermataro.com\/ca\/wp-json\/wp\/v2\/media?parent=421"}],"wp:term":[{"taxonomy":"product_brand","embeddable":true,"href":"https:\/\/corticentermataro.com\/ca\/wp-json\/wp\/v2\/product_brand?post=421"},{"taxonomy":"product_cat","embeddable":true,"href":"https:\/\/corticentermataro.com\/ca\/wp-json\/wp\/v2\/product_cat?post=421"},{"taxonomy":"product_tag","embeddable":true,"href":"https:\/\/corticentermataro.com\/ca\/wp-json\/wp\/v2\/product_tag?post=421"}],"curies":[{"name":"wp","href":"https:\/\/api.w.org\/{rel}","templated":true}]}}