{"id":420,"date":"2025-12-28T19:08:33","date_gmt":"2025-12-28T18:08:33","guid":{"rendered":"https:\/\/corticentermataro.com\/?post_type=product&#038;p=420"},"modified":"2025-12-28T19:08:36","modified_gmt":"2025-12-28T18:08:36","slug":"cortina-enrollable","status":"publish","type":"product","link":"https:\/\/corticentermataro.com\/ca\/producte\/cortina-enrollable\/","title":{"rendered":"Cortina Enrollable"},"content":{"rendered":"","protected":false},"excerpt":{"rendered":"<p>El estor o la cortina enrollable, es indiscutiblemente en la actualidad por su dise\u00f1o y durabilidad uno de los principales sistemas en la decoraci\u00f3n tanto en hogares, oficinas \u00a0y entornos industriales.<\/p>\n<p>Se integra en cualquier ambiente y estilo gracias a su amplia gama de tejidos T\u00e9cnicos y Decorativos<\/p>\n<p><strong>Enrollables con tejido Screen<\/strong>: Sirven para proteger de los rayos ultravioletas del sol, muebles, tapicer\u00eda, suelos de madera etc. Actualmente en el mercado existen tres tipos de Tejido Screen.<\/p>\n<p><strong>\u00b7<\/strong> Screen de fibra de vidrio y PVC<\/p>\n<p><strong>\u00b7<\/strong> Screen de poli\u00e9ster y PVC<\/p>\n<p><strong>\u00b7<\/strong> Screen libre de PVC (Ecol\u00f3gico para todos los que pensamos en el Medio ambiente). Todos ellos con sus diferentes factores de apertura que van desde el <strong>10%, 5%, 3% y 1%<\/strong> en funci\u00f3n de las necesidades de cada cliente.<\/p>\n<p><strong>Enrollables con Tejido Opaco<\/strong>: Este tipo de cortinas est\u00e1n confeccionadas con un tejido Black out que eliminan por completo la luz, por lo tanto son perfectas para dormitorios, salas de proyecci\u00f3n, hoteles, o en cualquier estancia en la que pretendamos bloquear la m\u00e1xima entrada de luz.<\/p>\n<p><strong>Enrollables Decorativas<\/strong>: cuyo objetivo es vestir las ventanas tamizando la luz y preservando nuestra intimidad, aportando un toque\u00a0 decorativo ya que se pueden confeccionar con diferentes tejidos, texturas, dise\u00f1os y colores.<\/p>\n<p><strong>Enrollables Motorizadas: <\/strong>ofrecen una soluci\u00f3n para ventanas de grandes dimensiones y de dif\u00edcil acceso, haciendo su manejo m\u00e1s simple y c\u00f3modo ayudando al buen funcionamiento de la misma durante m\u00e1s tiempo. El estor enrollable Motorizado puede ser con mando a distancia o con pulsador de pared.<\/p>\n<p>&nbsp;<\/p>","protected":false},"featured_media":438,"comment_status":"open","ping_status":"closed","template":"","meta":{"_joinchat":[]},"product_brand":[],"product_cat":[31],"product_tag":[],"class_list":{"0":"post-420","1":"product","2":"type-product","3":"status-publish","4":"has-post-thumbnail","6":"product_cat-cortinas-y-estores","8":"first","9":"instock","10":"shipping-taxable","11":"product-type-simple"},"_links":{"self":[{"href":"https:\/\/corticentermataro.com\/ca\/wp-json\/wp\/v2\/product\/420","targetHints":{"allow":["GET"]}}],"collection":[{"href":"https:\/\/corticentermataro.com\/ca\/wp-json\/wp\/v2\/product"}],"about":[{"href":"https:\/\/corticentermataro.com\/ca\/wp-json\/wp\/v2\/types\/product"}],"replies":[{"embeddable":true,"href":"https:\/\/corticentermataro.com\/ca\/wp-json\/wp\/v2\/comments?post=420"}],"wp:featuredmedia":[{"embeddable":true,"href":"https:\/\/corticentermataro.com\/ca\/wp-json\/wp\/v2\/media\/438"}],"wp:attachment":[{"href":"https:\/\/corticentermataro.com\/ca\/wp-json\/wp\/v2\/media?parent=420"}],"wp:term":[{"taxonomy":"product_brand","embeddable":true,"href":"https:\/\/corticentermataro.com\/ca\/wp-json\/wp\/v2\/product_brand?post=420"},{"taxonomy":"product_cat","embeddable":true,"href":"https:\/\/corticentermataro.com\/ca\/wp-json\/wp\/v2\/product_cat?post=420"},{"taxonomy":"product_tag","embeddable":true,"href":"https:\/\/corticentermataro.com\/ca\/wp-json\/wp\/v2\/product_tag?post=420"}],"curies":[{"name":"wp","href":"https:\/\/api.w.org\/{rel}","templated":true}]}}