{"id":61,"date":"2020-07-18T11:08:58","date_gmt":"2020-07-18T09:08:58","guid":{"rendered":"http:\/\/corticenter.totmediamobile.com\/about\/"},"modified":"2025-07-03T19:46:55","modified_gmt":"2025-07-03T17:46:55","slug":"about","status":"publish","type":"page","link":"https:\/\/corticentermataro.com\/ca\/about\/","title":{"rendered":"Corticenter"},"content":{"rendered":"<div data-elementor-type=\"wp-page\" data-elementor-id=\"61\" class=\"elementor elementor-61\">\n\t\t\t\t<div class=\"aux-parallax-section elementor-element elementor-element-e1f472b e-flex e-con-boxed e-con e-parent\" data-id=\"e1f472b\" data-element_type=\"container\" data-settings=\"{&quot;background_background&quot;:&quot;classic&quot;}\">\n\t\t\t\t\t<div class=\"e-con-inner\">\n\t\t<div class=\"elementor-element elementor-element-3965c9c e-con-full e-flex e-con e-child\" data-id=\"3965c9c\" data-element_type=\"container\">\n\t\t\t\t<div class=\"elementor-element elementor-element-6dd2bd6 aux-appear-watch-animation aux-slide-from-bot elementor-widget elementor-widget-aux_modern_heading\" data-id=\"6dd2bd6\" data-element_type=\"widget\" data-widget_type=\"aux_modern_heading.default\">\n\t\t\t\t<div class=\"elementor-widget-container\">\n\t\t\t\t\t<section class=\"aux-widget-modern-heading\">\n            <div class=\"aux-widget-inner\"><h2 class=\"aux-modern-heading-primary\">\u201cEspecialistes en cortines i decoraci\u00f3 textil.\u201d<\/h2><\/div>\n        <\/section>\t\t\t\t<\/div>\n\t\t\t\t<\/div>\n\t\t\t\t<\/div>\n\t\t\t\t\t<\/div>\n\t\t\t\t<\/div>\n\t\t<div class=\"aux-parallax-section elementor-element elementor-element-ee3cc45 e-flex e-con-boxed e-con e-parent\" data-id=\"ee3cc45\" data-element_type=\"container\">\n\t\t\t\t\t<div class=\"e-con-inner\">\n\t\t<div class=\"elementor-element elementor-element-aafb137 e-con-full e-flex e-con e-child\" data-id=\"aafb137\" data-element_type=\"container\">\n\t\t\t\t<div class=\"elementor-element elementor-element-f123956 aux-appear-watch-animation aux-fade-in-up-1 elementor-widget elementor-widget-aux_modern_heading\" data-id=\"f123956\" data-element_type=\"widget\" data-widget_type=\"aux_modern_heading.default\">\n\t\t\t\t<div class=\"elementor-widget-container\">\n\t\t\t\t\t<section class=\"aux-widget-modern-heading\">\n            <div class=\"aux-widget-inner\"><h2 class=\"aux-modern-heading-primary\">Grup Corticenter<\/h2><div class=\"aux-modern-heading-divider\"><\/div><h5 class=\"aux-modern-heading-secondary\"><span class=\"aux-head-highlight\">Systems &amp; Curtains<\/span><\/h5><\/div>\n        <\/section>\t\t\t\t<\/div>\n\t\t\t\t<\/div>\n\t\t\t\t<div class=\"elementor-element elementor-element-cc20f12 elementor-widget elementor-widget-aux_icon_list\" data-id=\"cc20f12\" data-element_type=\"widget\" data-widget_type=\"aux_icon_list.default\">\n\t\t\t\t<div class=\"elementor-widget-container\">\n\t\t\t\t\t<section class=\"widget-container aux-widget-icon-list aux-parent-auccf9aaf9\"><div class=\"widget-inner\"><div class=\"aux-widget-icon-list-inner\"><ul class=\"aux-icon-list-items aux-direction-horizontal\"><li class=\"aux-icon-list-item aux-list-item-has-connector aux-list-item-has-icon aux-icon-list-item-2fb7fa9 elementor-repeater-item-2fb7fa9\"><a class=\"aux-icon-list-link\" href=\"#\"><i aria-hidden=\"true\" class=\"aux-icon-list-icon fab fa-instagram\"><\/i><span class=\"aux-list-connector\"><\/span><\/a><\/li><li class=\"aux-icon-list-item aux-list-item-has-connector aux-list-item-has-icon aux-icon-list-item-1180726 elementor-repeater-item-1180726\"><a class=\"aux-icon-list-link\" href=\"#\"><i aria-hidden=\"true\" class=\"aux-icon-list-icon fab fa-linkedin-in\"><\/i><span class=\"aux-list-connector\"><\/span><\/a><\/li><li class=\"aux-icon-list-item aux-list-item-has-connector aux-list-item-has-icon aux-icon-list-item-32a0a59 elementor-repeater-item-32a0a59\"><a class=\"aux-icon-list-link\" href=\"#\"><i aria-hidden=\"true\" class=\"aux-icon-list-icon fab fa-facebook-f\"><\/i><span class=\"aux-list-connector\"><\/span><\/a><\/li><li class=\"aux-icon-list-item aux-list-item-has-connector aux-list-item-has-icon aux-icon-list-item-53def6c elementor-repeater-item-53def6c\"><a class=\"aux-icon-list-link\" href=\"#\"><i aria-hidden=\"true\" class=\"aux-icon-list-icon fab fa-twitter\"><\/i><span class=\"aux-list-connector\"><\/span><\/a><\/li><\/ul><\/div><\/div><\/section><!-- widget-container -->\t\t\t\t<\/div>\n\t\t\t\t<\/div>\n\t\t\t\t<\/div>\n\t\t\t\t\t<\/div>\n\t\t\t\t<\/div>\n\t\t<div class=\"aux-parallax-section elementor-element elementor-element-81a7066 e-flex e-con-boxed e-con e-parent\" data-id=\"81a7066\" data-element_type=\"container\">\n\t\t\t\t\t<div class=\"e-con-inner\">\n\t\t<div class=\"elementor-element elementor-element-346b9fc e-con-full e-flex e-con e-child\" data-id=\"346b9fc\" data-element_type=\"container\">\n\t\t\t\t<div class=\"elementor-element elementor-element-b439900 aux-appear-watch-animation aux-fade-in-right elementor-widget elementor-widget-aux_modern_heading\" data-id=\"b439900\" data-element_type=\"widget\" data-widget_type=\"aux_modern_heading.default\">\n\t\t\t\t<div class=\"elementor-widget-container\">\n\t\t\t\t\t<section class=\"aux-widget-modern-heading\">\n            <div class=\"aux-widget-inner\"><h2 class=\"aux-modern-heading-primary\">\u00bf Ens vols con\u00e8ixer?<\/h2><div class=\"aux-modern-heading-description\"><p>A Corticenter, especialistes en\u00a0<strong>cortines a mida<\/strong>, fa m\u00e9s de 40 anys que oferim serveis i productes d'alta qualitat.<br \/>La nostra filosofia com a empresa \u00e9s la de donar un tracte exclusiu i personalitzat a tots els nostres clients. La m\u00e0xima que ens hem marcat durant tots aquests anys \u00e9s la satisfacci\u00f3 de cadascun. Una satisfacci\u00f3 que ve reflectida per la feina ben feta i els acabats perfectes.<\/p><p>L'efic\u00e0cia del nostre servei ve acompanyada de productes de la millor qualitat a un preu competitiu. A\u00a0<strong>Grup Corticenter<\/strong>\u00a0estem especialitzats en cortines a mida. Dins d'elles trobar\u00e0s la varietat m\u00e9s gran de cortines, estors, rails i barres amb els teixits m\u00e9s moderns i resistents. Pots consultar totes i cadascuna de les nostres cortines a la secci\u00f3\u00a0Cortines a Mesura.<\/p><p>Els nostres or\u00edgens es troben a La Finestra, la nostra botiga del carrer Balmes de Barcelona. A poc a poc, el nostre projecte va anar creixent fins a conformar l'actual Grup Corticenter. Actualment estem presents a Eivissa, Madrid, Bogot\u00e0 i amb tres botigues a la ciutat comtal.<\/p><\/div><\/div>\n        <\/section>\t\t\t\t<\/div>\n\t\t\t\t<\/div>\n\t\t\t\t<\/div>\n\t\t<div class=\"elementor-element elementor-element-5f4807b e-con-full e-flex e-con e-child\" data-id=\"5f4807b\" data-element_type=\"container\">\n\t\t\t\t<div class=\"elementor-element elementor-element-5dc2bd6 aux-appear-watch-animation aux-fade-in-right elementor-widget elementor-widget-aux_modern_heading\" data-id=\"5dc2bd6\" data-element_type=\"widget\" data-widget_type=\"aux_modern_heading.default\">\n\t\t\t\t<div class=\"elementor-widget-container\">\n\t\t\t\t\t<section class=\"aux-widget-modern-heading\">\n            <div class=\"aux-widget-inner\"><h2 class=\"aux-modern-heading-primary\">Botigues<\/h2><div class=\"aux-modern-heading-description\"><p>Barcelona<\/p><p>Madrid<\/p><p>Ibiza<\/p><p>M\u00e0laga<\/p><p>Tenerife<\/p><p>Matar\u00f3<\/p><\/div><\/div>\n        <\/section>\t\t\t\t<\/div>\n\t\t\t\t<\/div>\n\t\t\t\t<\/div>\n\t\t<div class=\"elementor-element elementor-element-b89fdb7 e-con-full e-flex e-con e-child\" data-id=\"b89fdb7\" data-element_type=\"container\">\n\t\t\t\t<div class=\"elementor-element elementor-element-093a033 elementor-widget elementor-widget-image\" data-id=\"093a033\" data-element_type=\"widget\" data-widget_type=\"image.default\">\n\t\t\t\t<div class=\"elementor-widget-container\">\n\t\t\t\t\t\t\t\t\t\t\t\t\t\t\t<img fetchpriority=\"high\" decoding=\"async\" width=\"740\" height=\"740\" src=\"https:\/\/corticentermataro.com\/wp-content\/uploads\/2025\/03\/4109fccc-487f-442f-9e52-691e9596ec83-740x740-1.jpg\" class=\"attachment-large size-large wp-image-87\" alt=\"\" srcset=\"https:\/\/corticentermataro.com\/wp-content\/uploads\/2025\/03\/4109fccc-487f-442f-9e52-691e9596ec83-740x740-1.jpg 740w, https:\/\/corticentermataro.com\/wp-content\/uploads\/2025\/03\/4109fccc-487f-442f-9e52-691e9596ec83-740x740-1-300x300.jpg 300w, https:\/\/corticentermataro.com\/wp-content\/uploads\/2025\/03\/4109fccc-487f-442f-9e52-691e9596ec83-740x740-1-100x100.jpg 100w, https:\/\/corticentermataro.com\/wp-content\/uploads\/2025\/03\/4109fccc-487f-442f-9e52-691e9596ec83-740x740-1-600x600.jpg 600w, https:\/\/corticentermataro.com\/wp-content\/uploads\/2025\/03\/4109fccc-487f-442f-9e52-691e9596ec83-740x740-1-150x150.jpg 150w\" sizes=\"(max-width: 740px) 100vw, 740px\" \/>\t\t\t\t\t\t\t\t\t\t\t\t\t\t\t<\/div>\n\t\t\t\t<\/div>\n\t\t\t\t<\/div>\n\t\t\t\t\t<\/div>\n\t\t\t\t<\/div>\n\t\t\t\t<\/div>","protected":false},"excerpt":{"rendered":"<p>\u201cEspecialistas en cortinas y decoraci\u00f3n text\u00edl.\u201d Grupo Corticenter Systems &amp; Curtains \u00bfQuieres conocernos? En Corticenter, especialistas en\u00a0cortinas a medida, llevamos m\u00e1s de 40 a\u00f1os ofreciendo servicios y productos de alta calidad.Nuestra filosof\u00eda como empresa es la de dar un trato exclusivo y personalizado a todos nuestros clientes. La m\u00e1xima que nos hemos marcado durante todos [&hellip;]<\/p>","protected":false},"author":1,"featured_media":0,"parent":0,"menu_order":0,"comment_status":"closed","ping_status":"closed","template":"templates\/page-builder-content.php","meta":{"_joinchat":[],"footnotes":""},"class_list":["post-61","page","type-page","status-publish","hentry"],"_links":{"self":[{"href":"https:\/\/corticentermataro.com\/ca\/wp-json\/wp\/v2\/pages\/61","targetHints":{"allow":["GET"]}}],"collection":[{"href":"https:\/\/corticentermataro.com\/ca\/wp-json\/wp\/v2\/pages"}],"about":[{"href":"https:\/\/corticentermataro.com\/ca\/wp-json\/wp\/v2\/types\/page"}],"author":[{"embeddable":true,"href":"https:\/\/corticentermataro.com\/ca\/wp-json\/wp\/v2\/users\/1"}],"replies":[{"embeddable":true,"href":"https:\/\/corticentermataro.com\/ca\/wp-json\/wp\/v2\/comments?post=61"}],"version-history":[{"count":10,"href":"https:\/\/corticentermataro.com\/ca\/wp-json\/wp\/v2\/pages\/61\/revisions"}],"predecessor-version":[{"id":319,"href":"https:\/\/corticentermataro.com\/ca\/wp-json\/wp\/v2\/pages\/61\/revisions\/319"}],"wp:attachment":[{"href":"https:\/\/corticentermataro.com\/ca\/wp-json\/wp\/v2\/media?parent=61"}],"curies":[{"name":"wp","href":"https:\/\/api.w.org\/{rel}","templated":true}]}}