{"id":60,"date":"2020-07-18T11:09:25","date_gmt":"2020-07-18T09:09:25","guid":{"rendered":"http:\/\/corticenter.totmediamobile.com\/portfolio\/"},"modified":"2025-04-22T15:27:49","modified_gmt":"2025-04-22T13:27:49","slug":"portfolio","status":"publish","type":"page","link":"https:\/\/corticentermataro.com\/ca\/portfolio\/","title":{"rendered":"Portfoli"},"content":{"rendered":"<div data-elementor-type=\"wp-page\" data-elementor-id=\"60\" class=\"elementor elementor-60\">\n\t\t\t\t<div class=\"aux-parallax-section elementor-element elementor-element-c667cb9 e-flex e-con-boxed e-con e-parent\" data-id=\"c667cb9\" data-element_type=\"container\" data-settings=\"{&quot;background_background&quot;:&quot;classic&quot;}\">\n\t\t\t\t\t<div class=\"e-con-inner\">\n\t\t<div class=\"elementor-element elementor-element-ec8551e e-con-full e-flex e-con e-child\" data-id=\"ec8551e\" data-element_type=\"container\">\n\t\t\t\t<div class=\"elementor-element elementor-element-589060e aux-appear-watch-animation aux-slide-from-bot elementor-widget elementor-widget-aux_modern_heading\" data-id=\"589060e\" data-element_type=\"widget\" data-widget_type=\"aux_modern_heading.default\">\n\t\t\t\t<div class=\"elementor-widget-container\">\n\t\t\t\t\t<section class=\"aux-widget-modern-heading\">\n            <div class=\"aux-widget-inner\"><h2 class=\"aux-modern-heading-primary\">Els nostres clients ens avalen<\/h2><\/div>\n        <\/section>\t\t\t\t<\/div>\n\t\t\t\t<\/div>\n\t\t\t\t<\/div>\n\t\t\t\t\t<\/div>\n\t\t\t\t<\/div>\n\t\t<div class=\"aux-parallax-section elementor-element elementor-element-8166c18 e-flex e-con-boxed e-con e-parent\" data-id=\"8166c18\" data-element_type=\"container\">\n\t\t\t\t\t<div class=\"e-con-inner\">\n\t\t<div class=\"elementor-element elementor-element-620ec28 e-con-full e-flex e-con e-child\" data-id=\"620ec28\" data-element_type=\"container\">\n\t\t<div class=\"elementor-element elementor-element-6180e70 e-con-full e-flex e-con e-child\" data-id=\"6180e70\" data-element_type=\"container\">\n\t\t<div class=\"elementor-element elementor-element-b0ae9f6 e-con-full e-flex e-con e-child\" data-id=\"b0ae9f6\" data-element_type=\"container\">\n\t\t\t\t<div class=\"elementor-element elementor-element-10cadb8 aux-appear-watch-animation aux-fade-in-up elementor-widget elementor-widget-aux_modern_heading\" data-id=\"10cadb8\" data-element_type=\"widget\" data-widget_type=\"aux_modern_heading.default\">\n\t\t\t\t<div class=\"elementor-widget-container\">\n\t\t\t\t\t<section class=\"aux-widget-modern-heading\">\n            <div class=\"aux-widget-inner\"><h2 class=\"aux-modern-heading-primary\">\u00daltims projectes<\/h2><\/div>\n        <\/section>\t\t\t\t<\/div>\n\t\t\t\t<\/div>\n\t\t\t\t<div class=\"elementor-element elementor-element-35d70b2 aux-appear-watch-animation aux-fade-in-up-1 elementor-widget elementor-widget-aux_recent_portfolios_masonry\" data-id=\"35d70b2\" data-element_type=\"widget\" data-settings=\"{&quot;columns&quot;:&quot;3&quot;,&quot;columns_tablet&quot;:&quot;2&quot;,&quot;columns_mobile&quot;:&quot;1&quot;}\" data-widget_type=\"aux_recent_portfolios_masonry.default\">\n\t\t\t\t<div class=\"elementor-widget-container\">\n\t\t\t\t\t<script>auxinNS(\"auxin.content.loadmore.aubf840a54\"); auxin.content.loadmore.aubf840a54={\"nonce\":\"1b47d47b29\",\"args\":{\"title\":\"\",\"cat\":[],\"num\":\"10\",\"only_posts__in\":\"\",\"include\":\"\",\"exclude\":\"\",\"posts_per_page\":-1,\"offset\":\"\",\"order_by\":\"date\",\"order\":\"ASC\",\"exclude_without_media\":\"yes\",\"display_like\":\"\",\"deeplink\":\"\",\"use_ajax\":\"no\",\"deeplink_slug\":null,\"show_filters\":\"yes\",\"filter_by\":\"portfolio-cat\",\"filter_style\":\"aux-underline\",\"filter_align\":\"aux-right\",\"reveal_transition_duration\":\"600\",\"reveal_between_delay\":\"60\",\"hide_transition_duration\":\"600\",\"hide_between_delay\":\"30\",\"item_style\":\"classic\",\"tile_style_pattern\":\"default\",\"tiles_item_style\":\"overlay\",\"entry_background_color\":\"\",\"entry_border_color\":\"\",\"paginate\":\"\",\"perpage\":null,\"crop\":true,\"display_title\":\"yes\",\"show_info\":\"yes\",\"display_read_more\":false,\"image_aspect_ratio\":0.75,\"space\":\"30\",\"desktop_cnum\":\"3\",\"tablet_cnum\":\"2\",\"phone_cnum\":\"1\",\"layout\":\"masonry\",\"tag\":\"\",\"filter\":\"\",\"extra_classes\":\"\",\"extra_column_classes\":\"\",\"custom_el_id\":\"\",\"template_part_file\":\"recent-portfolio\",\"extra_template_path\":\"\\\/var\\\/www\\\/vhosts\\\/corticentermataro.com\\\/httpdocs\\\/wp-content\\\/plugins\\\/auxin-portfolio\\\/public\\\/templates\\\/elements\",\"universal_id\":\"aubf840a54\",\"query_args\":[],\"term\":\"\",\"reset_query\":true,\"wp_query_args\":[],\"custom_wp_query\":\"\",\"loadmore_type\":\"next\",\"loadmore_label\":\"text\",\"loadmore_per_page\":\"10\",\"term_field\":\"slug\",\"paged\":\"\",\"override_global_query\":false,\"content\":null,\"skip_wrappers\":true,\"content_width\":2000,\"inview_transition\":\"none\",\"inview_duration\":\"\",\"inview_delay\":\"\",\"inview_repeat\":\"no\",\"inview_offset\":\"\",\"called_from\":\"elementor\"},\"handler\":\"aux_recent_portfolios_grid\",\"per_page\":\"10\"};<\/script><section class=\"widget-container aux-ajax-type-next aux-widget-recent-portfolios aux-parent-aubf840a54\"><div class=\"aux-filters aux-togglable aux-underline aux-right aux-isotope-filters\"><div class=\"aux-select-overlay\"><\/div><ul><li data-filter=\"mataro\" data-category-id=\"16\" ><a href=\"#\"><span data-select=\"Matar\u00f3\">Matar\u00f3<\/span><\/a><\/li><\/ul><\/div><div id=\"69dee7395bdaf\" data-element-id=\"aubf840a54\" class=\"aux-portfolio-columns aux-ajax-view aux-isotope-animated aux-isotope-layout aux-layout-grid aux-no-gutter aux-row aux-de-col3 aux-tb-col2 aux-mb-col1\" data-lazyload=\"true\" data-space=\"30\" data-pagination=\"false\" data-deeplink=\"false\" data-slug=\"\" data-perpage=\"\" data-layout=\"masonry\" data-reveal-transition-duration=\"600\" data-reveal-between-delay=\"60\" data-hide-transition-duration=\"600\" data-hide-between-delay=\"30\" data-num=\"10\" data-order=\"ASC\" data-orderby=\"date\" data-taxonomy=\"portfolio-cat\" data-n=\"3e6b069912\"><div class=\"aux-items-loading aux-loading-hide\"><div class=\"aux-loading-loop\"><svg class=\"aux-circle\" width=\"100%\" height=\"100%\" viewbox=\"0 0 42 42\"><circle class=\"aux-stroke-bg\" r=\"20\" cx=\"21\" cy=\"21\" fill=\"none\"><\/circle><circle class=\"aux-progress\" r=\"20\" cx=\"21\" cy=\"21\" fill=\"none\" transform=\"rotate(-90 21 21)\"><\/circle><\/svg><\/div><\/div><div class=\"aux-iso-item aux-loading aux-col aux-ajax-item mataro\">                        <article class=\"post-107 portfolio type-portfolio status-publish has-post-thumbnail hentry portfolio-cat-mataro portfolio-tag-uncategorized portfolio-filter-uncategorized\" >\n                            <div class=\"\">\n                                <div class=\"entry-media\">\n                                    <div class=\"aux-media-frame aux-media-image\"><a href=\"https:\/\/corticentermataro.com\/ca\/portfolio\/martorellas\/\"><img width=\"606\" class=\"aux-attachment aux-featured-image attachment-606.66666666667x aux-attachment-id-108\" alt=\"9\" data-original-w=\"1080\" sizes=\"auto\" data-srcset=\"https:\/\/corticentermataro.com\/wp-content\/uploads\/2025\/03\/9-150x150.jpg 150w,https:\/\/corticentermataro.com\/wp-content\/uploads\/2025\/03\/9-300x300.jpg 300w,https:\/\/corticentermataro.com\/wp-content\/uploads\/2025\/03\/9-768x768.jpg 768w,https:\/\/corticentermataro.com\/wp-content\/uploads\/2025\/03\/9-1024x1024.jpg 1024w,https:\/\/corticentermataro.com\/wp-content\/uploads\/2025\/03\/9-607x607.jpg 607w,https:\/\/corticentermataro.com\/wp-content\/uploads\/2025\/03\/9.jpg 1080w\" data-src=\"https:\/\/corticentermataro.com\/wp-content\/uploads\/2025\/03\/9-607x607.jpg\" \/><\/a><\/div>                                <\/div>\n\n                                                            <\/div>\n\n                                                        <div class=\"entry-main\">\n\n                                                                <header class=\"entry-header\">\n                                    <h3 class=\"entry-title\">\n                                        <a href=\"https:\/\/corticentermataro.com\/ca\/portfolio\/martorellas\/\">\n                                            Enrotllables 5% OF                                        <\/a>\n                                    <\/h3>\n                                <\/header>\n                                                                                                                                <div class=\"entry-info\">\n                                    <span class=\"entry-tax\">\n                                                                                <a href=\"https:\/\/corticentermataro.com\/ca\/portfolio-cat\/mataro\/\" title=\"View all posts in Matar\u00f3\" rel=\"category\" >Matar\u00f3<\/a>                                    <\/span>\n                                <\/div>\n                                                                                            <\/div>\n                            \n                        <\/article>\n<\/div><div class=\"aux-iso-item aux-loading aux-col aux-ajax-item mataro\">                        <article class=\"post-120 portfolio type-portfolio status-publish has-post-thumbnail hentry portfolio-cat-mataro portfolio-tag-uncategorized portfolio-filter-uncategorized\" >\n                            <div class=\"\">\n                                <div class=\"entry-media\">\n                                    <div class=\"aux-media-frame aux-media-image\"><a href=\"https:\/\/corticentermataro.com\/ca\/portfolio\/sa-fontasa\/\"><img width=\"606\" class=\"aux-attachment aux-featured-image attachment-606.66666666667x aux-attachment-id-116\" alt=\"2\" data-original-w=\"1080\" sizes=\"auto\" data-srcset=\"https:\/\/corticentermataro.com\/wp-content\/uploads\/2025\/03\/2-150x150.jpg 150w,https:\/\/corticentermataro.com\/wp-content\/uploads\/2025\/03\/2-300x300.jpg 300w,https:\/\/corticentermataro.com\/wp-content\/uploads\/2025\/03\/2-768x768.jpg 768w,https:\/\/corticentermataro.com\/wp-content\/uploads\/2025\/03\/2-1024x1024.jpg 1024w,https:\/\/corticentermataro.com\/wp-content\/uploads\/2025\/03\/2-607x607.jpg 607w,https:\/\/corticentermataro.com\/wp-content\/uploads\/2025\/03\/2.jpg 1080w\" data-src=\"https:\/\/corticentermataro.com\/wp-content\/uploads\/2025\/03\/2-607x607.jpg\" \/><\/a><\/div>                                <\/div>\n\n                                                            <\/div>\n\n                                                        <div class=\"entry-main\">\n\n                                                                <header class=\"entry-header\">\n                                    <h3 class=\"entry-title\">\n                                        <a href=\"https:\/\/corticentermataro.com\/ca\/portfolio\/sa-fontasa\/\">\n                                            Velo                                        <\/a>\n                                    <\/h3>\n                                <\/header>\n                                                                                                                                <div class=\"entry-info\">\n                                    <span class=\"entry-tax\">\n                                                                                <a href=\"https:\/\/corticentermataro.com\/ca\/portfolio-cat\/mataro\/\" title=\"View all posts in Matar\u00f3\" rel=\"category\" >Matar\u00f3<\/a>                                    <\/span>\n                                <\/div>\n                                                                                            <\/div>\n                            \n                        <\/article>\n<\/div><div class=\"aux-iso-item aux-loading aux-col aux-ajax-item mataro\">                        <article class=\"post-122 portfolio type-portfolio status-publish has-post-thumbnail hentry portfolio-cat-mataro portfolio-tag-uncategorized portfolio-filter-uncategorized\" >\n                            <div class=\"\">\n                                <div class=\"entry-media\">\n                                    <div class=\"aux-media-frame aux-media-image\"><a href=\"https:\/\/corticentermataro.com\/ca\/portfolio\/chiclonet\/\"><img width=\"606\" class=\"aux-attachment aux-featured-image attachment-606.66666666667x aux-attachment-id-114\" alt=\"3\" data-original-w=\"1080\" sizes=\"auto\" data-srcset=\"https:\/\/corticentermataro.com\/wp-content\/uploads\/2025\/03\/3-150x150.jpg 150w,https:\/\/corticentermataro.com\/wp-content\/uploads\/2025\/03\/3-300x300.jpg 300w,https:\/\/corticentermataro.com\/wp-content\/uploads\/2025\/03\/3-768x768.jpg 768w,https:\/\/corticentermataro.com\/wp-content\/uploads\/2025\/03\/3-1024x1024.jpg 1024w,https:\/\/corticentermataro.com\/wp-content\/uploads\/2025\/03\/3-607x607.jpg 607w,https:\/\/corticentermataro.com\/wp-content\/uploads\/2025\/03\/3.jpg 1080w\" data-src=\"https:\/\/corticentermataro.com\/wp-content\/uploads\/2025\/03\/3-607x607.jpg\" \/><\/a><\/div>                                <\/div>\n\n                                                            <\/div>\n\n                                                        <div class=\"entry-main\">\n\n                                                                <header class=\"entry-header\">\n                                    <h3 class=\"entry-title\">\n                                        <a href=\"https:\/\/corticentermataro.com\/ca\/portfolio\/chiclonet\/\">\n                                            Misam Velluto                                        <\/a>\n                                    <\/h3>\n                                <\/header>\n                                                                                                                                <div class=\"entry-info\">\n                                    <span class=\"entry-tax\">\n                                                                                <a href=\"https:\/\/corticentermataro.com\/ca\/portfolio-cat\/mataro\/\" title=\"View all posts in Matar\u00f3\" rel=\"category\" >Matar\u00f3<\/a>                                    <\/span>\n                                <\/div>\n                                                                                            <\/div>\n                            \n                        <\/article>\n<\/div><div class=\"aux-iso-item aux-loading aux-col aux-ajax-item mataro\">                        <article class=\"post-124 portfolio type-portfolio status-publish has-post-thumbnail hentry portfolio-cat-mataro portfolio-tag-uncategorized portfolio-filter-uncategorized\" >\n                            <div class=\"\">\n                                <div class=\"entry-media\">\n                                    <div class=\"aux-media-frame aux-media-image\"><a href=\"https:\/\/corticentermataro.com\/ca\/portfolio\/drago\/\"><img width=\"606\" class=\"aux-attachment aux-featured-image attachment-606.66666666667x aux-attachment-id-112\" alt=\"5\" data-original-w=\"1080\" sizes=\"auto\" data-srcset=\"https:\/\/corticentermataro.com\/wp-content\/uploads\/2025\/03\/5-150x150.jpg 150w,https:\/\/corticentermataro.com\/wp-content\/uploads\/2025\/03\/5-300x300.jpg 300w,https:\/\/corticentermataro.com\/wp-content\/uploads\/2025\/03\/5-768x768.jpg 768w,https:\/\/corticentermataro.com\/wp-content\/uploads\/2025\/03\/5-1024x1024.jpg 1024w,https:\/\/corticentermataro.com\/wp-content\/uploads\/2025\/03\/5-607x607.jpg 607w,https:\/\/corticentermataro.com\/wp-content\/uploads\/2025\/03\/5.jpg 1080w\" data-src=\"https:\/\/corticentermataro.com\/wp-content\/uploads\/2025\/03\/5-607x607.jpg\" \/><\/a><\/div>                                <\/div>\n\n                                                            <\/div>\n\n                                                        <div class=\"entry-main\">\n\n                                                                <header class=\"entry-header\">\n                                    <h3 class=\"entry-title\">\n                                        <a href=\"https:\/\/corticentermataro.com\/ca\/portfolio\/drago\/\">\n                                            Super bui                                        <\/a>\n                                    <\/h3>\n                                <\/header>\n                                                                                                                                <div class=\"entry-info\">\n                                    <span class=\"entry-tax\">\n                                                                                <a href=\"https:\/\/corticentermataro.com\/ca\/portfolio-cat\/mataro\/\" title=\"View all posts in Matar\u00f3\" rel=\"category\" >Matar\u00f3<\/a>                                    <\/span>\n                                <\/div>\n                                                                                            <\/div>\n                            \n                        <\/article>\n<\/div><div class=\"aux-iso-item aux-loading aux-col aux-ajax-item mataro\">                        <article class=\"post-128 portfolio type-portfolio status-publish has-post-thumbnail hentry portfolio-cat-mataro portfolio-tag-uncategorized portfolio-filter-uncategorized\" >\n                            <div class=\"\">\n                                <div class=\"entry-media\">\n                                    <div class=\"aux-media-frame aux-media-image\"><a href=\"https:\/\/corticentermataro.com\/ca\/portfolio\/valenzuela\/\"><img width=\"606\" class=\"aux-attachment aux-featured-image attachment-606.66666666667x aux-attachment-id-110\" alt=\"7\" data-original-w=\"1080\" sizes=\"auto\" data-srcset=\"https:\/\/corticentermataro.com\/wp-content\/uploads\/2025\/03\/7-150x150.jpg 150w,https:\/\/corticentermataro.com\/wp-content\/uploads\/2025\/03\/7-300x300.jpg 300w,https:\/\/corticentermataro.com\/wp-content\/uploads\/2025\/03\/7-768x768.jpg 768w,https:\/\/corticentermataro.com\/wp-content\/uploads\/2025\/03\/7-1024x1024.jpg 1024w,https:\/\/corticentermataro.com\/wp-content\/uploads\/2025\/03\/7-607x607.jpg 607w,https:\/\/corticentermataro.com\/wp-content\/uploads\/2025\/03\/7.jpg 1080w\" data-src=\"https:\/\/corticentermataro.com\/wp-content\/uploads\/2025\/03\/7-607x607.jpg\" \/><\/a><\/div>                                <\/div>\n\n                                                            <\/div>\n\n                                                        <div class=\"entry-main\">\n\n                                                                <header class=\"entry-header\">\n                                    <h3 class=\"entry-title\">\n                                        <a href=\"https:\/\/corticentermataro.com\/ca\/portfolio\/valenzuela\/\">\n                                            Enrotllables 100% Opac                                        <\/a>\n                                    <\/h3>\n                                <\/header>\n                                                                                                                                <div class=\"entry-info\">\n                                    <span class=\"entry-tax\">\n                                                                                <a href=\"https:\/\/corticentermataro.com\/ca\/portfolio-cat\/mataro\/\" title=\"View all posts in Matar\u00f3\" rel=\"category\" >Matar\u00f3<\/a>                                    <\/span>\n                                <\/div>\n                                                                                            <\/div>\n                            \n                        <\/article>\n<\/div><div class=\"aux-iso-item aux-loading aux-col aux-ajax-item mataro\">                        <article class=\"post-193 portfolio type-portfolio status-publish has-post-thumbnail hentry portfolio-cat-mataro portfolio-tag-uncategorized portfolio-filter-uncategorized\" >\n                            <div class=\"\">\n                                <div class=\"entry-media\">\n                                    <div class=\"aux-media-frame aux-media-image\"><a href=\"https:\/\/corticentermataro.com\/ca\/portfolio\/contract-textil\/\"><img width=\"606\" class=\"aux-attachment aux-featured-image attachment-606.66666666667x aux-attachment-id-194\" alt=\"visillos_ignifugos_coordinados_con_colcha_1_91405\" data-original-w=\"960\" sizes=\"auto\" data-srcset=\"https:\/\/corticentermataro.com\/wp-content\/uploads\/2025\/03\/visillos_ignifugos_coordinados_con_colcha_1_91405-113x150.webp 150w,https:\/\/corticentermataro.com\/wp-content\/uploads\/2025\/03\/visillos_ignifugos_coordinados_con_colcha_1_91405-225x300.webp 300w,https:\/\/corticentermataro.com\/wp-content\/uploads\/2025\/03\/visillos_ignifugos_coordinados_con_colcha_1_91405-576x768.webp 768w,https:\/\/corticentermataro.com\/wp-content\/uploads\/2025\/03\/visillos_ignifugos_coordinados_con_colcha_1_91405-607x809.webp 607w,https:\/\/corticentermataro.com\/wp-content\/uploads\/2025\/03\/visillos_ignifugos_coordinados_con_colcha_1_91405.webp 960w\" data-src=\"https:\/\/corticentermataro.com\/wp-content\/uploads\/2025\/03\/visillos_ignifugos_coordinados_con_colcha_1_91405-607x809.webp\" \/><\/a><\/div>                                <\/div>\n\n                                                            <\/div>\n\n                                                        <div class=\"entry-main\">\n\n                                                                <header class=\"entry-header\">\n                                    <h3 class=\"entry-title\">\n                                        <a href=\"https:\/\/corticentermataro.com\/ca\/portfolio\/contract-textil\/\">\n                                            No Fire                                        <\/a>\n                                    <\/h3>\n                                <\/header>\n                                                                                                                                <div class=\"entry-info\">\n                                    <span class=\"entry-tax\">\n                                                                                <a href=\"https:\/\/corticentermataro.com\/ca\/portfolio-cat\/mataro\/\" title=\"View all posts in Matar\u00f3\" rel=\"category\" >Matar\u00f3<\/a>                                    <\/span>\n                                <\/div>\n                                                                                            <\/div>\n                            \n                        <\/article>\n<\/div><\/div><script type=\"text\/javascript\">var aubf840a54AjaxConfig = {\"title\":\"\",\"cat\":[],\"num\":\"10\",\"only_posts__in\":\"\",\"include\":\"\",\"exclude\":\"\",\"posts_per_page\":-1,\"offset\":\"\",\"order_by\":\"date\",\"order\":\"ASC\",\"exclude_without_media\":\"yes\",\"display_like\":\"\",\"deeplink\":\"\",\"use_ajax\":\"no\",\"deeplink_slug\":null,\"show_filters\":\"yes\",\"filter_by\":\"portfolio-cat\",\"filter_style\":\"aux-underline\",\"filter_align\":\"aux-right\",\"reveal_transition_duration\":\"600\",\"reveal_between_delay\":\"60\",\"hide_transition_duration\":\"600\",\"hide_between_delay\":\"30\",\"item_style\":\"classic\",\"tile_style_pattern\":\"default\",\"tiles_item_style\":\"overlay\",\"entry_background_color\":\"\",\"entry_border_color\":\"\",\"paginate\":\"\",\"perpage\":null,\"crop\":true,\"display_title\":\"yes\",\"show_info\":\"yes\",\"display_read_more\":false,\"image_aspect_ratio\":0.75,\"space\":\"30\",\"desktop_cnum\":\"3\",\"tablet_cnum\":\"2\",\"phone_cnum\":\"1\",\"layout\":\"masonry\",\"tag\":\"\",\"filter\":\"\",\"extra_classes\":\"\",\"extra_column_classes\":\"\",\"custom_el_id\":\"\",\"template_part_file\":\"recent-portfolio\",\"extra_template_path\":\"\\\/var\\\/www\\\/vhosts\\\/corticentermataro.com\\\/httpdocs\\\/wp-content\\\/plugins\\\/auxin-portfolio\\\/public\\\/templates\\\/elements\",\"universal_id\":\"aubf840a54\",\"query_args\":[],\"term\":\"\",\"reset_query\":true,\"use_wp_query\":false,\"wp_query_args\":[],\"custom_wp_query\":\"\",\"loadmore_type\":\"next\",\"loadmore_label\":\"text\",\"loadmore_per_page\":\"10\",\"term_field\":\"slug\",\"base\":\"aux_recent_portfolios_grid\",\"base_class\":\"aux-widget-recent-portfolios\",\"paged\":\"\",\"override_global_query\":false,\"content\":null,\"skip_wrappers\":false,\"content_width\":2000,\"inview_transition\":\"none\",\"inview_duration\":\"\",\"inview_delay\":\"\",\"inview_repeat\":\"no\",\"inview_offset\":\"\",\"called_from\":\"elementor\"};<\/script><\/section><!-- widget-container -->\t\t\t\t<\/div>\n\t\t\t\t<\/div>\n\t\t\t\t<\/div>\n\t\t\t\t<\/div>\n\t\t\t\t<div class=\"elementor-element elementor-element-b48ffd2 elementor-widget elementor-widget-aux_simple_svg\" data-id=\"b48ffd2\" data-element_type=\"widget\" data-widget_type=\"aux_simple_svg.default\">\n\t\t\t\t<div class=\"elementor-widget-container\">\n\t\t\t\t\t    <div class=\"aux-widget-container aux-simple-svg-container\">\n        <div class=\"aux-widget-container-inner\">\n            <div class=\"aux-the-svg\"><img decoding=\"async\" src=\"https:\/\/corticentermataro.com\/wp-content\/uploads\/2020\/07\/Group_10.svg\" title=\"demo-attachment-118-Group_10\" alt=\"demo-attachment-118-Group_10\" loading=\"lazy\" \/><\/div>\n        <\/div>\n    <\/div>\n    \t\t\t\t<\/div>\n\t\t\t\t<\/div>\n\t\t\t\t<\/div>\n\t\t\t\t\t<\/div>\n\t\t\t\t<\/div>\n\t\t\t\t<\/div>","protected":false},"excerpt":{"rendered":"<p>Nuestros clientes nos avalan \u00daltimos proyectos All Barcelona Cortitelas Ibiza Madrid M\u00e1laga Tenerife Martorellas Barcelona Cienpozuelos Madrid Sa Fontasa Ibiza Chiclonet M\u00e1laga Drago Tenerife Valenzuela Madrid Contract text\u00edl Cortitelas<\/p>","protected":false},"author":1,"featured_media":0,"parent":0,"menu_order":0,"comment_status":"closed","ping_status":"closed","template":"templates\/page-builder-content.php","meta":{"_joinchat":[],"footnotes":""},"class_list":["post-60","page","type-page","status-publish","hentry"],"_links":{"self":[{"href":"https:\/\/corticentermataro.com\/ca\/wp-json\/wp\/v2\/pages\/60","targetHints":{"allow":["GET"]}}],"collection":[{"href":"https:\/\/corticentermataro.com\/ca\/wp-json\/wp\/v2\/pages"}],"about":[{"href":"https:\/\/corticentermataro.com\/ca\/wp-json\/wp\/v2\/types\/page"}],"author":[{"embeddable":true,"href":"https:\/\/corticentermataro.com\/ca\/wp-json\/wp\/v2\/users\/1"}],"replies":[{"embeddable":true,"href":"https:\/\/corticentermataro.com\/ca\/wp-json\/wp\/v2\/comments?post=60"}],"version-history":[{"count":6,"href":"https:\/\/corticentermataro.com\/ca\/wp-json\/wp\/v2\/pages\/60\/revisions"}],"predecessor-version":[{"id":206,"href":"https:\/\/corticentermataro.com\/ca\/wp-json\/wp\/v2\/pages\/60\/revisions\/206"}],"wp:attachment":[{"href":"https:\/\/corticentermataro.com\/ca\/wp-json\/wp\/v2\/media?parent=60"}],"curies":[{"name":"wp","href":"https:\/\/api.w.org\/{rel}","templated":true}]}}