{"id":402,"date":"2025-09-17T21:28:14","date_gmt":"2025-09-17T19:28:14","guid":{"rendered":"https:\/\/corticentermataro.com\/?page_id=402"},"modified":"2025-09-17T21:34:35","modified_gmt":"2025-09-17T19:34:35","slug":"toldos","status":"publish","type":"page","link":"https:\/\/corticentermataro.com\/ca\/toldos\/","title":{"rendered":"Toldos"},"content":{"rendered":"<div data-elementor-type=\"wp-page\" data-elementor-id=\"402\" class=\"elementor elementor-402\">\n\t\t\t\t<div class=\"aux-parallax-section elementor-element elementor-element-3a807ad e-flex e-con-boxed e-con e-parent\" data-id=\"3a807ad\" data-element_type=\"container\">\n\t\t\t\t\t<div class=\"e-con-inner\">\n\t\t<div class=\"elementor-element elementor-element-16341ac e-con-full e-flex e-con e-child\" data-id=\"16341ac\" data-element_type=\"container\">\n\t\t<div class=\"elementor-element elementor-element-a531e91 e-con-full e-flex e-con e-child\" data-id=\"a531e91\" data-element_type=\"container\">\n\t\t<div class=\"elementor-element elementor-element-cd905cf e-con-full e-flex e-con e-child\" data-id=\"cd905cf\" data-element_type=\"container\">\n\t\t\t\t<div class=\"elementor-element elementor-element-3cb140a elementor-widget__width-auto elementor-widget elementor-widget-aux_modern_heading\" data-id=\"3cb140a\" data-element_type=\"widget\" data-widget_type=\"aux_modern_heading.default\">\n\t\t\t\t<div class=\"elementor-widget-container\">\n\t\t\t\t\t<section class=\"aux-widget-modern-heading\">\n            <div class=\"aux-widget-inner\"><h5 class=\"aux-modern-heading-primary\">Toldos<\/h5><\/div>\n        <\/section>\t\t\t\t<\/div>\n\t\t\t\t<\/div>\n\t\t\t\t<div class=\"elementor-element elementor-element-19c609d elementor-widget elementor-widget-image\" data-id=\"19c609d\" data-element_type=\"widget\" data-widget_type=\"image.default\">\n\t\t\t\t<div class=\"elementor-widget-container\">\n\t\t\t\t\t\t\t\t\t\t\t\t\t\t\t<img fetchpriority=\"high\" decoding=\"async\" width=\"920\" height=\"440\" src=\"https:\/\/corticentermataro.com\/wp-content\/uploads\/2025\/09\/cache_69042245.jpg\" class=\"attachment-large size-large wp-image-404\" alt=\"\" srcset=\"https:\/\/corticentermataro.com\/wp-content\/uploads\/2025\/09\/cache_69042245.jpg 920w, https:\/\/corticentermataro.com\/wp-content\/uploads\/2025\/09\/cache_69042245-600x287.jpg 600w, https:\/\/corticentermataro.com\/wp-content\/uploads\/2025\/09\/cache_69042245-18x9.jpg 18w\" sizes=\"(max-width: 920px) 100vw, 920px\" \/>\t\t\t\t\t\t\t\t\t\t\t\t\t\t\t<\/div>\n\t\t\t\t<\/div>\n\t\t\t\t<\/div>\n\t\t<div class=\"elementor-element elementor-element-f9a69c4 e-con-full e-flex e-con e-child\" data-id=\"f9a69c4\" data-element_type=\"container\">\n\t\t\t\t<div class=\"elementor-element elementor-element-459f82f aux-appear-watch-animation aux-fade-in-up elementor-widget elementor-widget-aux_modern_heading\" data-id=\"459f82f\" data-element_type=\"widget\" data-widget_type=\"aux_modern_heading.default\">\n\t\t\t\t<div class=\"elementor-widget-container\">\n\t\t\t\t\t<section class=\"aux-widget-modern-heading\">\n            <div class=\"aux-widget-inner\"><h5 class=\"aux-modern-heading-primary\">Toldos Corticenter<\/h5><h3 class=\"aux-modern-heading-secondary\"><span class=\"aux-head-highlight\">Toldos Extensibles o brazo Invisible<\/span><\/h3><div class=\"aux-modern-heading-description\"><div class=\"n module-type-header module-alias-sectionTitle\"><h1><span class=\"diyfeDecoration\">Extensible Arond-350.<\/span><\/h1><\/div><div class=\"n module-type-header module-alias-sectionSubTitle\"><h2><span class=\"diyfeDecoration\">Fuerza y adaptabilidad para uso intensivo.<\/span><\/h2><\/div><div class=\"n module-type-text module-alias-sectionDescription\"><p>Dise\u00f1o elegante y funcional, con facilidad de adaptaci\u00f3n a diferentes estilos de fachada.Las tapas son de aluminio, lacadas en el mismo color que el soporte y no se degradan a la intemperie. Protege grandes espacios alcanzando 6,00m. l\u00ednea x 3,50m. salida con \u00fanicamente dos brazos. El amplio rango de inclinaci\u00f3n que ofrece lo hace ideal para la protecci\u00f3n solar en las terrazas.<\/p><p>Dise\u00f1o funcional que aporta soluciones a instalaciones frontales, a techo y entre paredes. Simplificaci\u00f3n de herramientas para realizar el\u00a0 montaje y la regulaci\u00f3n. Sistema de cassette con auto-sustentaci\u00f3n del grupo de enrolle para realizar una instalaci\u00f3n m\u00e1s c\u00f3moda y segura.\u00a0 Ensamblaje y regulaci\u00f3n en muy pocos pasos. Consigue importante ahorro de tiempo. Regulaci\u00f3n segura y fiable de la alineaci\u00f3n de los brazos y la inclinaci\u00f3n del conjunto.<\/p><p>AROND-350 es un toldo de estilo cl\u00e1sico, con un cuidado dise\u00f1o y grandes prestaciones. Complementado con los brazos ONYX-400 convierte las terrazas en espacios protegidos para disfrutarlos de d\u00eda y tambi\u00e9n de noche utilizando la versi\u00f3n de brazos con iluminaci\u00f3n LED.<\/p><\/div><\/div><\/div>\n        <\/section>\t\t\t\t<\/div>\n\t\t\t\t<\/div>\n\t\t\t\t<\/div>\n\t\t\t\t<\/div>\n\t\t\t\t<div class=\"elementor-element elementor-element-ef34a6a elementor-widget elementor-widget-aux_simple_svg\" data-id=\"ef34a6a\" data-element_type=\"widget\" data-widget_type=\"aux_simple_svg.default\">\n\t\t\t\t<div class=\"elementor-widget-container\">\n\t\t\t\t\t    <div class=\"aux-widget-container aux-simple-svg-container\">\n        <div class=\"aux-widget-container-inner\">\n            <div class=\"aux-the-svg\"><img decoding=\"async\" src=\"https:\/\/corticentermataro.com\/wp-content\/uploads\/2020\/07\/Group_10.svg\" title=\"demo-attachment-118-Group_10\" alt=\"demo-attachment-118-Group_10\" loading=\"lazy\" \/><\/div>\n        <\/div>\n    <\/div>\n    \t\t\t\t<\/div>\n\t\t\t\t<\/div>\n\t\t\t\t<\/div>\n\t\t\t\t\t<\/div>\n\t\t\t\t<\/div>\n\t\t<div class=\"aux-parallax-section elementor-element elementor-element-76f77af e-flex e-con-boxed e-con e-parent\" data-id=\"76f77af\" data-element_type=\"container\">\n\t\t\t\t\t<div class=\"e-con-inner\">\n\t\t<div class=\"elementor-element elementor-element-c801f1c e-con-full e-flex e-con e-child\" data-id=\"c801f1c\" data-element_type=\"container\">\n\t\t<div class=\"elementor-element elementor-element-3990270 e-con-full e-flex e-con e-child\" data-id=\"3990270\" data-element_type=\"container\">\n\t\t<div class=\"elementor-element elementor-element-12b6a3c e-con-full e-flex e-con e-child\" data-id=\"12b6a3c\" data-element_type=\"container\">\n\t\t\t\t<div class=\"elementor-element elementor-element-0d026c4 elementor-widget__width-auto elementor-widget elementor-widget-aux_modern_heading\" data-id=\"0d026c4\" data-element_type=\"widget\" data-widget_type=\"aux_modern_heading.default\">\n\t\t\t\t<div class=\"elementor-widget-container\">\n\t\t\t\t\t<section class=\"aux-widget-modern-heading\">\n            <div class=\"aux-widget-inner\"><h5 class=\"aux-modern-heading-primary\">Toldos<\/h5><\/div>\n        <\/section>\t\t\t\t<\/div>\n\t\t\t\t<\/div>\n\t\t\t\t<div class=\"elementor-element elementor-element-fbe029c elementor-widget elementor-widget-image\" data-id=\"fbe029c\" data-element_type=\"widget\" data-widget_type=\"image.default\">\n\t\t\t\t<div class=\"elementor-widget-container\">\n\t\t\t\t\t\t\t\t\t\t\t\t\t\t\t<img decoding=\"async\" width=\"920\" height=\"439\" src=\"https:\/\/corticentermataro.com\/wp-content\/uploads\/2025\/09\/cache_69041845.jpg\" class=\"attachment-large size-large wp-image-405\" alt=\"\" srcset=\"https:\/\/corticentermataro.com\/wp-content\/uploads\/2025\/09\/cache_69041845.jpg 920w, https:\/\/corticentermataro.com\/wp-content\/uploads\/2025\/09\/cache_69041845-600x286.jpg 600w, https:\/\/corticentermataro.com\/wp-content\/uploads\/2025\/09\/cache_69041845-18x9.jpg 18w\" sizes=\"(max-width: 920px) 100vw, 920px\" \/>\t\t\t\t\t\t\t\t\t\t\t\t\t\t\t<\/div>\n\t\t\t\t<\/div>\n\t\t\t\t<\/div>\n\t\t<div class=\"elementor-element elementor-element-2b531db e-con-full e-flex e-con e-child\" data-id=\"2b531db\" data-element_type=\"container\">\n\t\t\t\t<div class=\"elementor-element elementor-element-78807d5 aux-appear-watch-animation aux-fade-in-up elementor-widget elementor-widget-aux_modern_heading\" data-id=\"78807d5\" data-element_type=\"widget\" data-widget_type=\"aux_modern_heading.default\">\n\t\t\t\t<div class=\"elementor-widget-container\">\n\t\t\t\t\t<section class=\"aux-widget-modern-heading\">\n            <div class=\"aux-widget-inner\"><h5 class=\"aux-modern-heading-primary\">Toldos Corticenter<\/h5><h3 class=\"aux-modern-heading-secondary\"><span class=\"aux-head-highlight\">TOLDOS COFRE<\/span><\/h3><div class=\"aux-modern-heading-description\"><div class=\"n module-type-header module-alias-sectionTitle\"><div class=\"n module-type-header module-alias-sectionTitle\"><h1><span class=\"diyfeDecoration\">Storbox S-250 Nuevo<\/span><\/h1><\/div><div class=\"n module-type-header module-alias-sectionSubTitle\"><h2><span class=\"diyfeDecoration\">El toldo cofre para peque\u00f1os grandes espacios.<\/span><\/h2><\/div><div class=\"n module-type-text module-alias-sectionDescription\"><p>El STORBOX S-250 optimiza el uso del espacio disponible, aportando elegancia y modernidad a cualquier balc\u00f3n o terraza,<br \/>mejorando no solo su funcionalidad, sino tambi\u00e9n su est\u00e9tica. Adem\u00e1s, es el primer toldo en el mercado con tecnolog\u00eda<br \/>patentada de sujeci\u00f3n autom\u00e1tica, especialmente \u00fatil para instalaciones a techo. Esta innovaci\u00f3n garantiza la seguridad<br \/>y la facilidad en la instalaci\u00f3n de un cofre que cubre hasta 4,5 metros de l\u00ednea.<\/p><p>El STORBOX S-250 cuenta con el mecanismo innovador CLIP&amp;FIXPT, un sistema patentado de autosujeci\u00f3n durante la<br \/>instalaci\u00f3n que permite posicionar y empujar el toldo hacia la placa, logrando que quede completamente autosustentado.<br \/>Esto evita la necesidad de cargar con su peso y deja las manos libres para finalizar la fijaci\u00f3n c\u00f3modamente.<\/p><\/div><\/div><\/div><\/div>\n        <\/section>\t\t\t\t<\/div>\n\t\t\t\t<\/div>\n\t\t\t\t<\/div>\n\t\t\t\t<\/div>\n\t\t\t\t<div class=\"elementor-element elementor-element-98dec39 elementor-widget elementor-widget-aux_simple_svg\" data-id=\"98dec39\" data-element_type=\"widget\" data-widget_type=\"aux_simple_svg.default\">\n\t\t\t\t<div class=\"elementor-widget-container\">\n\t\t\t\t\t    <div class=\"aux-widget-container aux-simple-svg-container\">\n        <div class=\"aux-widget-container-inner\">\n            <div class=\"aux-the-svg\"><img decoding=\"async\" src=\"https:\/\/corticentermataro.com\/wp-content\/uploads\/2020\/07\/Group_10.svg\" title=\"demo-attachment-118-Group_10\" alt=\"demo-attachment-118-Group_10\" loading=\"lazy\" \/><\/div>\n        <\/div>\n    <\/div>\n    \t\t\t\t<\/div>\n\t\t\t\t<\/div>\n\t\t\t\t<\/div>\n\t\t\t\t\t<\/div>\n\t\t\t\t<\/div>\n\t\t<div class=\"aux-parallax-section elementor-element elementor-element-76f7d82 e-flex e-con-boxed e-con e-parent\" data-id=\"76f7d82\" data-element_type=\"container\">\n\t\t\t\t\t<div class=\"e-con-inner\">\n\t\t<div class=\"elementor-element elementor-element-ad9fa73 e-con-full e-flex e-con e-child\" data-id=\"ad9fa73\" data-element_type=\"container\">\n\t\t<div class=\"elementor-element elementor-element-be830ac e-con-full e-flex e-con e-child\" data-id=\"be830ac\" data-element_type=\"container\">\n\t\t<div class=\"elementor-element elementor-element-384dce5 e-con-full e-flex e-con e-child\" data-id=\"384dce5\" data-element_type=\"container\">\n\t\t\t\t<div class=\"elementor-element elementor-element-b5643c5 elementor-widget__width-auto elementor-widget elementor-widget-aux_modern_heading\" data-id=\"b5643c5\" data-element_type=\"widget\" data-widget_type=\"aux_modern_heading.default\">\n\t\t\t\t<div class=\"elementor-widget-container\">\n\t\t\t\t\t<section class=\"aux-widget-modern-heading\">\n            <div class=\"aux-widget-inner\"><h5 class=\"aux-modern-heading-primary\">Toldos<\/h5><\/div>\n        <\/section>\t\t\t\t<\/div>\n\t\t\t\t<\/div>\n\t\t\t\t<div class=\"elementor-element elementor-element-f08399a elementor-widget elementor-widget-image\" data-id=\"f08399a\" data-element_type=\"widget\" data-widget_type=\"image.default\">\n\t\t\t\t<div class=\"elementor-widget-container\">\n\t\t\t\t\t\t\t\t\t\t\t\t\t\t\t<img decoding=\"async\" width=\"920\" height=\"440\" src=\"https:\/\/corticentermataro.com\/wp-content\/uploads\/2025\/09\/cache_69050723.jpg\" class=\"attachment-large size-large wp-image-406\" alt=\"\" srcset=\"https:\/\/corticentermataro.com\/wp-content\/uploads\/2025\/09\/cache_69050723.jpg 920w, https:\/\/corticentermataro.com\/wp-content\/uploads\/2025\/09\/cache_69050723-600x287.jpg 600w, https:\/\/corticentermataro.com\/wp-content\/uploads\/2025\/09\/cache_69050723-18x9.jpg 18w\" sizes=\"(max-width: 920px) 100vw, 920px\" \/>\t\t\t\t\t\t\t\t\t\t\t\t\t\t\t<\/div>\n\t\t\t\t<\/div>\n\t\t\t\t<\/div>\n\t\t<div class=\"elementor-element elementor-element-577c122 e-con-full e-flex e-con e-child\" data-id=\"577c122\" data-element_type=\"container\">\n\t\t\t\t<div class=\"elementor-element elementor-element-986de27 aux-appear-watch-animation aux-fade-in-up elementor-widget elementor-widget-aux_modern_heading\" data-id=\"986de27\" data-element_type=\"widget\" data-widget_type=\"aux_modern_heading.default\">\n\t\t\t\t<div class=\"elementor-widget-container\">\n\t\t\t\t\t<section class=\"aux-widget-modern-heading\">\n            <div class=\"aux-widget-inner\"><h5 class=\"aux-modern-heading-primary\">Toldos Corticenter<\/h5><h3 class=\"aux-modern-heading-secondary\"><span class=\"aux-head-highlight\">TOLDOS DE CAIDA<\/span><\/h3><div class=\"aux-modern-heading-description\"><div class=\"n module-type-header module-alias-sectionTitle\"><div class=\"n module-type-header module-alias-sectionTitle\"><div class=\"n module-type-header module-alias-sectionTitle\"><h1><span class=\"diyfeDecoration\">Toldo Stor. (barandilla)<\/span><\/h1><\/div><div class=\"n module-type-header module-alias-sectionSubTitle\"><h2><span class=\"diyfeDecoration\">Toldo de caida con brazo lateral.<\/span><\/h2><\/div><div class=\"n module-type-text module-alias-sectionDescription\"><p>Toldo de fijaci\u00f3n a barandilla con un sencillo mecanismo que permite un amplio rango de posiciones de apertura. Enganche y desenganche del brazo a la barandilla con pulsador. Los brazos posibilitan separar el toldo 50 cm respecto al balc\u00f3n en la posici\u00f3n extensida. Segun la\u00a0 configuraci\u00f3n del balc\u00f3n, se consigue un toldo completamente vertical. Este modelo dispone de unas bridas opcionales de sujecci\u00f3n del brazo de dos diammetro.<\/p><\/div><\/div><\/div><\/div><\/div>\n        <\/section>\t\t\t\t<\/div>\n\t\t\t\t<\/div>\n\t\t\t\t<\/div>\n\t\t\t\t<\/div>\n\t\t\t\t<div class=\"elementor-element elementor-element-0828398 elementor-widget elementor-widget-aux_simple_svg\" data-id=\"0828398\" data-element_type=\"widget\" data-widget_type=\"aux_simple_svg.default\">\n\t\t\t\t<div class=\"elementor-widget-container\">\n\t\t\t\t\t    <div class=\"aux-widget-container aux-simple-svg-container\">\n        <div class=\"aux-widget-container-inner\">\n            <div class=\"aux-the-svg\"><img decoding=\"async\" src=\"https:\/\/corticentermataro.com\/wp-content\/uploads\/2020\/07\/Group_10.svg\" title=\"demo-attachment-118-Group_10\" alt=\"demo-attachment-118-Group_10\" loading=\"lazy\" \/><\/div>\n        <\/div>\n    <\/div>\n    \t\t\t\t<\/div>\n\t\t\t\t<\/div>\n\t\t\t\t<\/div>\n\t\t\t\t\t<\/div>\n\t\t\t\t<\/div>\n\t\t<div class=\"aux-parallax-section elementor-element elementor-element-5295456 e-flex e-con-boxed e-con e-parent\" data-id=\"5295456\" data-element_type=\"container\">\n\t\t\t\t\t<div class=\"e-con-inner\">\n\t\t<div class=\"elementor-element elementor-element-5b339fd e-con-full e-flex e-con e-child\" data-id=\"5b339fd\" data-element_type=\"container\">\n\t\t<div class=\"elementor-element elementor-element-0f97540 e-con-full e-flex e-con e-child\" data-id=\"0f97540\" data-element_type=\"container\">\n\t\t<div class=\"elementor-element elementor-element-dd42111 e-con-full e-flex e-con e-child\" data-id=\"dd42111\" data-element_type=\"container\">\n\t\t\t\t<div class=\"elementor-element elementor-element-dc88841 elementor-widget__width-auto elementor-widget elementor-widget-aux_modern_heading\" data-id=\"dc88841\" data-element_type=\"widget\" data-widget_type=\"aux_modern_heading.default\">\n\t\t\t\t<div class=\"elementor-widget-container\">\n\t\t\t\t\t<section class=\"aux-widget-modern-heading\">\n            <div class=\"aux-widget-inner\"><h5 class=\"aux-modern-heading-primary\">Toldos<\/h5><\/div>\n        <\/section>\t\t\t\t<\/div>\n\t\t\t\t<\/div>\n\t\t\t\t<div class=\"elementor-element elementor-element-6d816ad elementor-widget elementor-widget-image\" data-id=\"6d816ad\" data-element_type=\"widget\" data-widget_type=\"image.default\">\n\t\t\t\t<div class=\"elementor-widget-container\">\n\t\t\t\t\t\t\t\t\t\t\t\t\t\t\t<img loading=\"lazy\" decoding=\"async\" width=\"920\" height=\"440\" src=\"https:\/\/corticentermataro.com\/wp-content\/uploads\/2025\/09\/cache_69308727.jpg\" class=\"attachment-large size-large wp-image-407\" alt=\"\" srcset=\"https:\/\/corticentermataro.com\/wp-content\/uploads\/2025\/09\/cache_69308727.jpg 920w, https:\/\/corticentermataro.com\/wp-content\/uploads\/2025\/09\/cache_69308727-600x287.jpg 600w, https:\/\/corticentermataro.com\/wp-content\/uploads\/2025\/09\/cache_69308727-18x9.jpg 18w\" sizes=\"(max-width: 920px) 100vw, 920px\" \/>\t\t\t\t\t\t\t\t\t\t\t\t\t\t\t<\/div>\n\t\t\t\t<\/div>\n\t\t\t\t<\/div>\n\t\t<div class=\"elementor-element elementor-element-ee1d5ab e-con-full e-flex e-con e-child\" data-id=\"ee1d5ab\" data-element_type=\"container\">\n\t\t\t\t<div class=\"elementor-element elementor-element-71d2ede aux-appear-watch-animation aux-fade-in-up elementor-widget elementor-widget-aux_modern_heading\" data-id=\"71d2ede\" data-element_type=\"widget\" data-widget_type=\"aux_modern_heading.default\">\n\t\t\t\t<div class=\"elementor-widget-container\">\n\t\t\t\t\t<section class=\"aux-widget-modern-heading\">\n            <div class=\"aux-widget-inner\"><h5 class=\"aux-modern-heading-primary\">Toldos Corticenter<\/h5><h3 class=\"aux-modern-heading-secondary\"><span class=\"aux-head-highlight\">VERTICALES<\/span><\/h3><div class=\"aux-modern-heading-description\"><div class=\"n module-type-header module-alias-sectionTitle\"><div class=\"n module-type-header module-alias-sectionTitle\"><div class=\"n module-type-header module-alias-sectionTitle\"><div class=\"n module-type-header module-alias-sectionTitle\"><h1><span class=\"diyfeDecoration\">Paraviento Lugano.<\/span><\/h1><\/div><div class=\"n module-type-header module-alias-sectionSubTitle\"><h2><span class=\"diyfeDecoration\">Una soluci\u00f3n para crear un ambiente \u00f3ptimo y aprovechar el espacio exterior.<\/span><\/h2><\/div><div class=\"n module-type-text module-alias-sectionDescription\"><p>Sistema complementario para toldos planos como cerramiento y todas las utilidades de un toldo vertical. Se compone de un perfil-gu\u00eda en U y un perfil de carga con pestillo, el perfilguia lleva una cinta guarda polvo para evitar el roce entre los dos perfiles. Las medidas m\u00e1ximas del producto son 4m de l\u00ednea por 3m de salida. Incluye faldon inferior doble de PVC de 7 cm de altura para tapar desnivel (indicarlo en el pedido).<\/p><p>La gu\u00eda de 120 mm asegura la posici\u00f3n de la lona en su interior para conseguir la m\u00e1xima protecci\u00f3n frente al sol, el viento y la lluvia. Dise\u00f1o pensado en la simplicidad y seguridad de la instalaci\u00f3n. Adaptabilidad a estructuras existentes para aportar cierres laterales y m\u00e1s valor a la instalaci\u00f3n.<\/p><\/div><\/div><\/div><\/div><\/div><\/div>\n        <\/section>\t\t\t\t<\/div>\n\t\t\t\t<\/div>\n\t\t\t\t<\/div>\n\t\t\t\t<\/div>\n\t\t\t\t<div class=\"elementor-element elementor-element-7f883dc elementor-widget elementor-widget-aux_simple_svg\" data-id=\"7f883dc\" data-element_type=\"widget\" data-widget_type=\"aux_simple_svg.default\">\n\t\t\t\t<div class=\"elementor-widget-container\">\n\t\t\t\t\t    <div class=\"aux-widget-container aux-simple-svg-container\">\n        <div class=\"aux-widget-container-inner\">\n            <div class=\"aux-the-svg\"><img decoding=\"async\" src=\"https:\/\/corticentermataro.com\/wp-content\/uploads\/2020\/07\/Group_10.svg\" title=\"demo-attachment-118-Group_10\" alt=\"demo-attachment-118-Group_10\" loading=\"lazy\" \/><\/div>\n        <\/div>\n    <\/div>\n    \t\t\t\t<\/div>\n\t\t\t\t<\/div>\n\t\t\t\t<\/div>\n\t\t\t\t\t<\/div>\n\t\t\t\t<\/div>\n\t\t<div class=\"aux-parallax-section elementor-element elementor-element-3154d3f e-flex e-con-boxed e-con e-parent\" data-id=\"3154d3f\" data-element_type=\"container\">\n\t\t\t\t\t<div class=\"e-con-inner\">\n\t\t<div class=\"elementor-element elementor-element-d36c658 e-con-full e-flex e-con e-child\" data-id=\"d36c658\" data-element_type=\"container\">\n\t\t<div class=\"elementor-element elementor-element-bddbf8b e-con-full e-flex e-con e-child\" data-id=\"bddbf8b\" data-element_type=\"container\">\n\t\t<div class=\"elementor-element elementor-element-d3aef97 e-con-full e-flex e-con e-child\" data-id=\"d3aef97\" data-element_type=\"container\">\n\t\t\t\t<div class=\"elementor-element elementor-element-863cf7d elementor-widget__width-auto elementor-widget elementor-widget-aux_modern_heading\" data-id=\"863cf7d\" data-element_type=\"widget\" data-widget_type=\"aux_modern_heading.default\">\n\t\t\t\t<div class=\"elementor-widget-container\">\n\t\t\t\t\t<section class=\"aux-widget-modern-heading\">\n            <div class=\"aux-widget-inner\"><h5 class=\"aux-modern-heading-primary\">Toldos<\/h5><\/div>\n        <\/section>\t\t\t\t<\/div>\n\t\t\t\t<\/div>\n\t\t\t\t<div class=\"elementor-element elementor-element-5da5b81 elementor-widget elementor-widget-image\" data-id=\"5da5b81\" data-element_type=\"widget\" data-widget_type=\"image.default\">\n\t\t\t\t<div class=\"elementor-widget-container\">\n\t\t\t\t\t\t\t\t\t\t\t\t\t\t\t<img loading=\"lazy\" decoding=\"async\" width=\"920\" height=\"440\" src=\"https:\/\/corticentermataro.com\/wp-content\/uploads\/2025\/09\/cache_69308727.jpg\" class=\"attachment-large size-large wp-image-407\" alt=\"\" srcset=\"https:\/\/corticentermataro.com\/wp-content\/uploads\/2025\/09\/cache_69308727.jpg 920w, https:\/\/corticentermataro.com\/wp-content\/uploads\/2025\/09\/cache_69308727-600x287.jpg 600w, https:\/\/corticentermataro.com\/wp-content\/uploads\/2025\/09\/cache_69308727-18x9.jpg 18w\" sizes=\"(max-width: 920px) 100vw, 920px\" \/>\t\t\t\t\t\t\t\t\t\t\t\t\t\t\t<\/div>\n\t\t\t\t<\/div>\n\t\t\t\t<\/div>\n\t\t<div class=\"elementor-element elementor-element-9324ce9 e-con-full e-flex e-con e-child\" data-id=\"9324ce9\" data-element_type=\"container\">\n\t\t\t\t<div class=\"elementor-element elementor-element-138e01b aux-appear-watch-animation aux-fade-in-up elementor-widget elementor-widget-aux_modern_heading\" data-id=\"138e01b\" data-element_type=\"widget\" data-widget_type=\"aux_modern_heading.default\">\n\t\t\t\t<div class=\"elementor-widget-container\">\n\t\t\t\t\t<section class=\"aux-widget-modern-heading\">\n            <div class=\"aux-widget-inner\"><h5 class=\"aux-modern-heading-primary\">Toldos Corticenter<\/h5><h3 class=\"aux-modern-heading-secondary\"><span class=\"aux-head-highlight\">VERTICALES<\/span><\/h3><div class=\"aux-modern-heading-description\"><div class=\"n module-type-header module-alias-sectionTitle\"><div class=\"n module-type-header module-alias-sectionTitle\"><div class=\"n module-type-header module-alias-sectionTitle\"><div class=\"n module-type-header module-alias-sectionTitle\"><h1><span class=\"diyfeDecoration\">Paraviento Lugano.<\/span><\/h1><\/div><div class=\"n module-type-header module-alias-sectionSubTitle\"><h2><span class=\"diyfeDecoration\">Una soluci\u00f3n para crear un ambiente \u00f3ptimo y aprovechar el espacio exterior.<\/span><\/h2><\/div><div class=\"n module-type-text module-alias-sectionDescription\"><p>Sistema complementario para toldos planos como cerramiento y todas las utilidades de un toldo vertical. Se compone de un perfil-gu\u00eda en U y un perfil de carga con pestillo, el perfilguia lleva una cinta guarda polvo para evitar el roce entre los dos perfiles. Las medidas m\u00e1ximas del producto son 4m de l\u00ednea por 3m de salida. Incluye faldon inferior doble de PVC de 7 cm de altura para tapar desnivel (indicarlo en el pedido).<\/p><p>La gu\u00eda de 120 mm asegura la posici\u00f3n de la lona en su interior para conseguir la m\u00e1xima protecci\u00f3n frente al sol, el viento y la lluvia. Dise\u00f1o pensado en la simplicidad y seguridad de la instalaci\u00f3n. Adaptabilidad a estructuras existentes para aportar cierres laterales y m\u00e1s valor a la instalaci\u00f3n.<\/p><\/div><\/div><\/div><\/div><\/div><\/div>\n        <\/section>\t\t\t\t<\/div>\n\t\t\t\t<\/div>\n\t\t\t\t<\/div>\n\t\t\t\t<\/div>\n\t\t\t\t<div class=\"elementor-element elementor-element-14c92d2 elementor-widget elementor-widget-aux_simple_svg\" data-id=\"14c92d2\" data-element_type=\"widget\" data-widget_type=\"aux_simple_svg.default\">\n\t\t\t\t<div class=\"elementor-widget-container\">\n\t\t\t\t\t    <div class=\"aux-widget-container aux-simple-svg-container\">\n        <div class=\"aux-widget-container-inner\">\n            <div class=\"aux-the-svg\"><img decoding=\"async\" src=\"https:\/\/corticentermataro.com\/wp-content\/uploads\/2020\/07\/Group_10.svg\" title=\"demo-attachment-118-Group_10\" alt=\"demo-attachment-118-Group_10\" loading=\"lazy\" \/><\/div>\n        <\/div>\n    <\/div>\n    \t\t\t\t<\/div>\n\t\t\t\t<\/div>\n\t\t\t\t<\/div>\n\t\t\t\t\t<\/div>\n\t\t\t\t<\/div>\n\t\t\t\t<\/div>","protected":false},"excerpt":{"rendered":"<p>Toldos Toldos Corticenter Toldos Extensibles o brazo Invisible Extensible Arond-350. Fuerza y adaptabilidad para uso intensivo. Dise\u00f1o elegante y funcional, con facilidad de adaptaci\u00f3n a diferentes estilos de fachada.Las tapas son de aluminio, lacadas en el mismo color que el soporte y no se degradan a la intemperie. Protege grandes espacios alcanzando 6,00m. l\u00ednea x [&hellip;]<\/p>","protected":false},"author":1,"featured_media":0,"parent":0,"menu_order":0,"comment_status":"closed","ping_status":"closed","template":"","meta":{"_joinchat":[],"footnotes":""},"class_list":["post-402","page","type-page","status-publish","hentry"],"_links":{"self":[{"href":"https:\/\/corticentermataro.com\/ca\/wp-json\/wp\/v2\/pages\/402","targetHints":{"allow":["GET"]}}],"collection":[{"href":"https:\/\/corticentermataro.com\/ca\/wp-json\/wp\/v2\/pages"}],"about":[{"href":"https:\/\/corticentermataro.com\/ca\/wp-json\/wp\/v2\/types\/page"}],"author":[{"embeddable":true,"href":"https:\/\/corticentermataro.com\/ca\/wp-json\/wp\/v2\/users\/1"}],"replies":[{"embeddable":true,"href":"https:\/\/corticentermataro.com\/ca\/wp-json\/wp\/v2\/comments?post=402"}],"version-history":[{"count":4,"href":"https:\/\/corticentermataro.com\/ca\/wp-json\/wp\/v2\/pages\/402\/revisions"}],"predecessor-version":[{"id":410,"href":"https:\/\/corticentermataro.com\/ca\/wp-json\/wp\/v2\/pages\/402\/revisions\/410"}],"wp:attachment":[{"href":"https:\/\/corticentermataro.com\/ca\/wp-json\/wp\/v2\/media?parent=402"}],"curies":[{"name":"wp","href":"https:\/\/api.w.org\/{rel}","templated":true}]}}